{"id":779,"date":"2022-11-28T15:06:24","date_gmt":"2022-11-28T14:06:24","guid":{"rendered":"https:\/\/lemoment.ch\/?page_id=779"},"modified":"2023-05-16T10:27:31","modified_gmt":"2023-05-16T08:27:31","slug":"conditions-generales-de-vente","status":"publish","type":"page","link":"https:\/\/lemoment.ch\/fr\/conditions-generales-de-vente\/","title":{"rendered":"Conditions g\u00e9n\u00e9rales de vente"},"content":{"rendered":"<section class=\"l-section wpb_row height_medium\"><div class=\"l-section-h i-cf\"><div class=\"g-cols vc_row via_grid cols_1 laptops-cols_inherit tablets-cols_inherit mobiles-cols_1 valign_top type_default stacking_default\"><div class=\"wpb_column vc_column_container\"><div class=\"vc_column-inner\"><div class=\"wpb_text_column\"><div class=\"wpb_wrapper\"><h1><strong>Conditions g\u00e9n\u00e9rales de vente \u00ab\u00a0Le Moment<\/strong><\/h1>\n<p>Les pr\u00e9sentes conditions g\u00e9n\u00e9rales de vente (<strong>CGV<\/strong>) s&rsquo;appliquent \u00e0 la relation contractuelle entre vous en tant qu&rsquo;h\u00f4te (ci-apr\u00e8s <strong>l&rsquo;h\u00f4te<\/strong>) et Karin Flury en tant qu&rsquo;exploitante de Le Moment, Chambres d&rsquo;h\u00f4tes, Combe-Gr\u00e8de 33, 2613 Villeret (ci-apr\u00e8s <strong>Le Moment<\/strong>).<\/p>\n<p>Seules les CGV de Le Moment en vigueur au moment de la conclusion du contrat sont applicables. Les conditions g\u00e9n\u00e9rales de l&rsquo;h\u00f4te ne sont applicables que si et dans la mesure o\u00f9 elles ont \u00e9t\u00e9 express\u00e9ment reconnues par Le Moment sous forme \u00e9crite.<\/p>\n<p>Le Moment se r\u00e9serve le droit de modifier ces conditions g\u00e9n\u00e9rales \u00e0 tout moment.<\/p>\n<p><strong>Conclusion du contrat<\/strong><\/p>\n<p>La pr\u00e9sentation des prestations de Le Moment sur le site web ne constitue pas encore une offre juridiquement contraignante, mais uniquement une invitation \u00e0 faire une demande.<\/p>\n<p>Les dispositions du Code suisse des obligations s&rsquo;appliquent \u00e0 la conclusion du contrat. En r\u00e8gle g\u00e9n\u00e9rale, le contrat est conclu soit par une confirmation de r\u00e9servation sign\u00e9e par les deux parties, soit par une confirmation \u00e9lectronique de r\u00e9servation envoy\u00e9e par Le Moment.<\/p>\n<p>Si un tiers effectue une r\u00e9servation pour l&rsquo;h\u00f4te, ce tiers est responsable vis-\u00e0-vis de Le Moment, conjointement avec l&rsquo;h\u00f4te, en tant que d\u00e9biteur solidaire de toutes les obligations d\u00e9coulant du contrat. Chaque tiers\/commanditaire est tenu de transmettre \u00e0 l&rsquo;h\u00f4te toutes les informations relatives \u00e0 la r\u00e9servation, en particulier les pr\u00e9sentes CGV.<\/p>\n<p>La sous-location ou la location ult\u00e9rieure des chambres mises \u00e0 disposition ainsi que leur utilisation \u00e0 des fins autres que l&rsquo;h\u00e9bergement sont interdites au client.<\/p>\n<p><strong>Prix et paiement<\/strong><\/p>\n<p>Le client est tenu de payer \u00e0 Le Moment les prix en vigueur ou convenus pour la mise \u00e0 disposition de la chambre et les autres prestations dont il a b\u00e9n\u00e9fici\u00e9.<\/p>\n<p>Les prix convenus s&rsquo;entendent en francs suisses (CHF) par chambre ainsi que par nuit, y compris la taxe sur la valeur ajout\u00e9e l\u00e9gale respective et plus la taxe de s\u00e9jour. Toute augmentation des taxes l\u00e9gales apr\u00e8s la conclusion du contrat est \u00e0 la charge du client.<\/p>\n<p>Le paiement des frais de r\u00e9servation se fait en ligne ou sur place. Le Moment accepte les cartes de cr\u00e9dit (Eurocard\/Mastercard, VISA, American Express), les cartes de d\u00e9bit (Mastercard et Visa) et les esp\u00e8ces.<\/p>\n<p>Le Moment a le droit d&rsquo;\u00e9tablir \u00e0 tout moment un d\u00e9compte ou un d\u00e9compte interm\u00e9diaire de ses prestations vis-\u00e0-vis de l&rsquo;h\u00f4te. La facture finale comprend le prix convenu, plus d&rsquo;\u00e9ventuels montants suppl\u00e9mentaires qui ont \u00e9t\u00e9 g\u00e9n\u00e9r\u00e9s en raison de prestations suppl\u00e9mentaires de Le Moment pour l&rsquo;h\u00f4te et\/ou les personnes qui l&rsquo;accompagnent. La facture finale doit \u00eatre pay\u00e9e &#8211; sous r\u00e9serve d&rsquo;autres accords &#8211; au plus tard lors du check-out le jour du d\u00e9part, en francs suisses, en esp\u00e8ces ou par carte de cr\u00e9dit ou de d\u00e9bit accept\u00e9e.<\/p>\n<p>En cas de retard de paiement, Le Moment est en droit d&rsquo;exiger les int\u00e9r\u00eats moratoires l\u00e9gaux en vigueur \u00e0 hauteur de 5 % du montant de la facture apr\u00e8s le premier rappel. Le Moment se r\u00e9serve le droit de prouver un dommage plus important.<\/p>\n<p>Pour chaque rappel, Le Moment peut pr\u00e9lever des frais de rappel de Fr. 10.00. L&rsquo;exception de compensation est exclue pour les cr\u00e9ances de Le Moment.<\/p>\n<p><strong>Caution<\/strong><\/p>\n<p>Le Moment est en droit d&rsquo;exiger une caution de 300 CHF en plus du prix convenu et de la d\u00e9duire de toute demande de dommages et int\u00e9r\u00eats (notamment en cas de d\u00e9t\u00e9rioration de l&rsquo;appartement ou de son \u00e9quipement, d&rsquo;infraction \u00e0 l&rsquo;interdiction de fumer ou d&rsquo;autres violations du contrat). La caution est r\u00e9serv\u00e9e sur la carte de cr\u00e9dit indiqu\u00e9e lors de la r\u00e9servation.<\/p>\n<p>La caution sera rembours\u00e9e, apr\u00e8s d\u00e9duction d&rsquo;\u00e9ventuels dommages et int\u00e9r\u00eats, au plus tard 30 jours apr\u00e8s le d\u00e9part du client.<\/p>\n<p><strong>Check-in \/ Check-out <\/strong><\/p>\n<p>Sous r\u00e9serve d&rsquo;autres accords, le client a le droit d&rsquo;utiliser les locaux lou\u00e9s \u00e0 partir de 15h30 le jour d&rsquo;arriv\u00e9e convenu jusqu&rsquo;\u00e0 11h00 le jour du d\u00e9part.<\/p>\n<p>En cas d&rsquo;arriv\u00e9e apr\u00e8s 17h30, Le Moment doit \u00eatre inform\u00e9 le jour de l&rsquo;arriv\u00e9e au plus tard \u00e0 17h30 par t\u00e9l\u00e9phone ou par \u00e9crit de l&rsquo;arriv\u00e9e tardive du client, sinon Le Moment peut disposer librement des chambres. Une occupation de la chambre jusqu&rsquo;\u00e0 24h00 compte comme une nuit\u00e9e compl\u00e8te.<\/p>\n<p>En cas de lib\u00e9ration tardive de la chambre par l&rsquo;h\u00f4te d&rsquo;une heure ou plus, Le Moment peut facturer jusqu&rsquo;\u00e0 100 % du prix du s\u00e9jour (prix catalogue) pour l&rsquo;utilisation d\u00e9passant le cadre du contrat, selon son appr\u00e9ciation. Les droits contractuels de l&rsquo;h\u00f4te \u00e0 la poursuite ordinaire de l&rsquo;utilisation des surfaces ne sont pas fond\u00e9s de ce fait. La revendication de dommages et int\u00e9r\u00eats reste r\u00e9serv\u00e9e. En cas de d\u00e9part tardif de la chambre, Le Moment se r\u00e9serve le droit de retirer les objets de l&rsquo;h\u00f4te de la chambre et de les conserver dans un endroit appropri\u00e9 de la maison d&rsquo;h\u00f4tes, moyennant des frais.<\/p>\n<p><strong>Conditions d&rsquo;annulation<\/strong><\/p>\n<p><strong><em>Retrait de l&rsquo;invit\u00e9<\/em><\/strong><\/p>\n<p>Si le client r\u00e9clame les chambres r\u00e9serv\u00e9es plus tard que convenu, ne les r\u00e9clame pas du tout ou les abandonne pr\u00e9matur\u00e9ment, les dispositions d&rsquo;annulation suivantes s&rsquo;appliquent :<\/p>\n<ul>\n<li>jusqu&rsquo;\u00e0 14 jours avant l&rsquo;arriv\u00e9e :<br \/>\n<strong>Annulation gratuite (pas de frais d&rsquo;annulation)<\/strong><\/li>\n<li>De 13 jours \u00e0 8 jours avant l&rsquo;arriv\u00e9e :<br \/>\n<strong>30 % du prix <\/strong>(selon la confirmation de r\u00e9servation)<\/li>\n<li>De 7 jours \u00e0 4 jours avant l&rsquo;arriv\u00e9e :<br \/>\n<strong>50 % du prix<\/strong><\/li>\n<li>3 \u00e0 0 jours avant l&rsquo;arriv\u00e9e :<br \/>\n<strong>100% du prix<\/strong><\/li>\n<\/ul>\n<p>La date de r\u00e9ception de l&rsquo;annulation par Le Moment est d\u00e9terminante pour le calcul des frais d&rsquo;annulation.<\/p>\n<p>La modification ou l&rsquo;adaptation d&rsquo;une r\u00e9servation apr\u00e8s l&rsquo;enregistrement entra\u00eene la facturation du prix \u00e0 100%, notamment en cas de r\u00e9duction de la dur\u00e9e du s\u00e9jour.<\/p>\n<p>Le Moment peut, \u00e0 sa discr\u00e9tion, imputer les recettes provenant d&rsquo;une autre location des chambres aux frais d&rsquo;annulation ou les d\u00e9duire de ceux-ci.<\/p>\n<p><strong><em>D\u00e9mission par Le <\/em><\/strong><strong>Moment <\/strong><\/p>\n<p>Les chambres ne peuvent \u00eatre utilis\u00e9es qu&rsquo;\u00e0 des fins d&rsquo;h\u00e9bergement. Le Moment est en droit de r\u00e9silier le contrat sans d\u00e9lai et sans autre pr\u00e9avis si le contrat a \u00e9t\u00e9 conclu sur la base d&rsquo;informations fausses ou trompeuses ou si la chambre est utilis\u00e9e en violation du contrat.<\/p>\n<p>Si un paiement anticip\u00e9 convenu n&rsquo;est pas effectu\u00e9, Le Moment est en droit de r\u00e9silier le contrat. Le Moment peut, \u00e0 sa discr\u00e9tion, fixer au client un d\u00e9lai suppl\u00e9mentaire pour effectuer le paiement anticip\u00e9. Si le client ne respecte pas ce d\u00e9lai suppl\u00e9mentaire fix\u00e9 \u00e0 la discr\u00e9tion de Le Moment, Le Moment est en droit de r\u00e9silier le contrat.<\/p>\n<p>En outre, Le Moment a le droit de se retirer du contrat de mani\u00e8re extraordinaire pour des raisons objectivement justifi\u00e9es. De tels motifs existent notamment dans les constellations suivantes :<\/p>\n<ul>\n<li>Force majeure (inondations, tremblements de terre, \u00e9pid\u00e9mies, pand\u00e9mies, etc.) ou autres circonstances ind\u00e9pendantes de la volont\u00e9 de Le Moment et rendant impossible l&rsquo;ex\u00e9cution du contrat.<\/li>\n<li>Si Le Moment a des raisons de croire que l&rsquo;utilisation des prestations par le client met en danger le bon fonctionnement de l&rsquo;entreprise, la s\u00e9curit\u00e9 ou la maison d&rsquo;h\u00f4tes.<\/li>\n<li>Lorsqu&rsquo;une d\u00e9cision de cessation d&rsquo;activit\u00e9 a \u00e9t\u00e9 prise par les autorit\u00e9s et qu&rsquo;il est impossible de fournir la prestation de Le Moment.<\/li>\n<\/ul>\n<p>En cas de d\u00e9sistement justifi\u00e9 de Le Moment, tous les droits \u00e0 dommages et int\u00e9r\u00eats de l&rsquo;h\u00f4te sont exclus.<\/p>\n<p><strong>Utilisation appropri\u00e9e des chambres <\/strong><\/p>\n<p>L&rsquo;h\u00f4te s&rsquo;engage \u00e0 \u00e9viter toute utilisation inappropri\u00e9e de la chambre et de l&rsquo;\u00e9quipement. En cas de non-respect, Le Moment se r\u00e9serve le droit de faire valoir d&rsquo;\u00e9ventuelles pr\u00e9tentions en responsabilit\u00e9 \u00e0 l&rsquo;encontre de l&rsquo;h\u00f4te.<\/p>\n<p><strong>Cl\u00e9 de la chambre<\/strong><\/p>\n<p>La cl\u00e9 de la chambre remise par Le Moment reste la propri\u00e9t\u00e9 de Le Moment et permet l&rsquo;acc\u00e8s \u00e0 la chambre 24 heures sur 24. La perte de la cl\u00e9 doit \u00eatre imm\u00e9diatement signal\u00e9e \u00e0 Le Moment. Une perte de la cl\u00e9 sera factur\u00e9e au client \u00e0 hauteur de CHF 150.00.<\/p>\n<p><strong>Enfants<\/strong><\/p>\n<p>Les enfants mineurs ne peuvent occuper une chambre que s&rsquo;ils sont accompagn\u00e9s d&rsquo;un adulte. La surveillance des enfants rel\u00e8ve de la seule responsabilit\u00e9 de l&rsquo;adulte qui les accueille.<\/p>\n<p><strong>Chiens <\/strong><\/p>\n<p>Les chiens et autres animaux domestiques ne sont pas autoris\u00e9s.<\/p>\n<p><strong>Fumer <\/strong><\/p>\n<p>Il est strictement interdit de fumer dans les chambres et autres espaces int\u00e9rieurs. Il est uniquement autoris\u00e9 de fumer dans les zones ext\u00e9rieures.<\/p>\n<p><strong>Internet<\/strong><\/p>\n<p>Le Moment offre une connexion WLAN gratuite. En cas de panne ou de d\u00e9gradation de la connexion, l&rsquo;h\u00f4te ne peut pas demander de r\u00e9duction sur le prix convenu. Toute autre pr\u00e9tention de l&rsquo;h\u00f4te r\u00e9sultant du fonctionnement ou du non-fonctionnement de la connexion Internet mise \u00e0 disposition est express\u00e9ment exclue.<\/p>\n<p><strong>Assurance <\/strong><\/p>\n<p>En principe, Le Moment n&rsquo;assure pas l&rsquo;h\u00f4te contre les risques \u00e9ventuels li\u00e9s \u00e0 son s\u00e9jour dans la chambre (accident, maladie, perte de propri\u00e9t\u00e9 par l&rsquo;eau, incendie, vol, etc.<\/p>\n<p><strong>Responsabilit\u00e9<\/strong><\/p>\n<p>Le Moment est exclusivement responsable en cas d&rsquo;intention ill\u00e9gale et de n\u00e9gligence grave. Toute autre responsabilit\u00e9 d\u00e9passant ce cadre est enti\u00e8rement exclue, dans la mesure o\u00f9 la loi le permet, notamment la responsabilit\u00e9 pour n\u00e9gligence l\u00e9g\u00e8re ainsi que pour les auxiliaires ou les substituts.<\/p>\n<p>Le Moment est responsable des objets apport\u00e9s par les h\u00f4tes exclusivement selon les dispositions l\u00e9gales. En particulier, la responsabilit\u00e9 pour n\u00e9gligence l\u00e9g\u00e8re est express\u00e9ment exclue.<\/p>\n<p>Dans la mesure o\u00f9 un emplacement sur un parking du Moment est mis \u00e0 la disposition du client, \u00e0 titre gratuit ou on\u00e9reux, aucun contrat de garde n&rsquo;est conclu. Il n&rsquo;existe aucune obligation de surveillance de la part de Le Moment. En cas de disparition ou d&rsquo;endommagement de v\u00e9hicules gar\u00e9s ou man\u0153uvr\u00e9s et de leur contenu, Le Moment n&rsquo;est pas responsable, sauf si lui-m\u00eame, ses repr\u00e9sentants l\u00e9gaux ou ses auxiliaires d&rsquo;ex\u00e9cution agissent avec une intention ill\u00e9gale ou une n\u00e9gligence grave.<br \/>\n<strong>Protection des donn\u00e9es <\/strong><\/p>\n<p>La collecte et le traitement des donn\u00e9es personnelles des h\u00f4tes par Le Moment sont expliqu\u00e9s dans la d\u00e9claration de protection des donn\u00e9es. La d\u00e9claration de protection des donn\u00e9es peut \u00eatre consult\u00e9e <a href=\"https:\/\/lemoment.ch\/datenschutz\/\">ici<\/a>.<\/p>\n<p><strong>Clause de sauvegarde<\/strong><\/p>\n<p>Si certaines dispositions des pr\u00e9sentes CGV sont ou deviennent caduques ou nulles, la validit\u00e9 des autres dispositions n&rsquo;en est pas affect\u00e9e. Pour le reste, les dispositions l\u00e9gales s&rsquo;appliquent.<\/p>\n<p><strong>Droit applicable et juridiction comp\u00e9tente<\/strong><\/p>\n<p>Le pr\u00e9sent contrat est exclusivement r\u00e9gi par le droit suisse. L&rsquo;application des r\u00e8gles de conflit de lois et de la Convention des Nations Unies sur les contrats de vente internationale de marchandises est exclue.<\/p>\n<p>Les litiges d\u00e9coulant des pr\u00e9sentes CGV ou en rapport avec celles-ci rel\u00e8vent de la comp\u00e9tence du tribunal mat\u00e9riellement comp\u00e9tent de Villeret (BE). Les fors l\u00e9gaux obligatoires demeurent r\u00e9serv\u00e9s.<\/p>\n<p>&nbsp;<\/p>\n<p>Villeret, le 15 mai 2023<\/p>\n<\/div><\/div><\/div><\/div><\/div><\/div><\/section>\n","protected":false},"excerpt":{"rendered":"Conditions g\u00e9n\u00e9rales de vente \u00ab\u00a0Le Moment Les pr\u00e9sentes conditions g\u00e9n\u00e9rales de vente (CGV) s&rsquo;appliquent \u00e0 la relation contractuelle entre vous en tant qu&rsquo;h\u00f4te (ci-apr\u00e8s l&rsquo;h\u00f4te) et Karin Flury en tant qu&rsquo;exploitante de Le Moment, Chambres d&rsquo;h\u00f4tes, Combe-Gr\u00e8de 33, 2613 Villeret (ci-apr\u00e8s Le Moment). Seules les CGV de Le Moment en vigueur au moment de la...","protected":false},"author":1,"featured_media":0,"parent":0,"menu_order":0,"comment_status":"closed","ping_status":"closed","template":"","meta":{"footnotes":""},"class_list":["post-779","page","type-page","status-publish","hentry"],"_links":{"self":[{"href":"https:\/\/lemoment.ch\/fr\/wp-json\/wp\/v2\/pages\/779","targetHints":{"allow":["GET"]}}],"collection":[{"href":"https:\/\/lemoment.ch\/fr\/wp-json\/wp\/v2\/pages"}],"about":[{"href":"https:\/\/lemoment.ch\/fr\/wp-json\/wp\/v2\/types\/page"}],"author":[{"embeddable":true,"href":"https:\/\/lemoment.ch\/fr\/wp-json\/wp\/v2\/users\/1"}],"replies":[{"embeddable":true,"href":"https:\/\/lemoment.ch\/fr\/wp-json\/wp\/v2\/comments?post=779"}],"version-history":[{"count":1,"href":"https:\/\/lemoment.ch\/fr\/wp-json\/wp\/v2\/pages\/779\/revisions"}],"predecessor-version":[{"id":780,"href":"https:\/\/lemoment.ch\/fr\/wp-json\/wp\/v2\/pages\/779\/revisions\/780"}],"wp:attachment":[{"href":"https:\/\/lemoment.ch\/fr\/wp-json\/wp\/v2\/media?parent=779"}],"curies":[{"name":"wp","href":"https:\/\/api.w.org\/{rel}","templated":true}]}}