{"id":717,"date":"2022-11-28T15:07:42","date_gmt":"2022-11-28T14:07:42","guid":{"rendered":"https:\/\/lemoment.ch\/datenschutz\/"},"modified":"2023-01-09T12:15:51","modified_gmt":"2023-01-09T11:15:51","slug":"declaration-de-confidentialite","status":"publish","type":"page","link":"https:\/\/lemoment.ch\/fr\/declaration-de-confidentialite\/","title":{"rendered":"D\u00e9claration de confidentialit\u00e9"},"content":{"rendered":"<section class=\"l-section wpb_row height_medium\"><div class=\"l-section-h i-cf\"><div class=\"g-cols vc_row via_grid cols_1 laptops-cols_inherit tablets-cols_inherit mobiles-cols_1 valign_top type_default stacking_default\"><div class=\"wpb_column vc_column_container\"><div class=\"vc_column-inner\"><div class=\"wpb_text_column\"><div class=\"wpb_wrapper\"><h2>D\u00e9claration de confidentialit\u00e9<\/h2>\n<p>Karin Flury est l&rsquo;exploitante du site www.lemoment.ch et donc responsable de la collecte, du traitement et de l&rsquo;utilisation de vos donn\u00e9es personnelles<br \/>\net de la compatibilit\u00e9 du traitement des donn\u00e9es avec la l\u00e9gislation en vigueur.<\/p>\n<p>Votre confiance est importante pour nous. Nous prenons le th\u00e8me de la protection des donn\u00e9es au s\u00e9rieux et veillons \u00e0 la s\u00e9curit\u00e9 correspondante.<br \/>\nNous respectons bien entendu les dispositions l\u00e9gales de la loi f\u00e9d\u00e9rale sur la protection des donn\u00e9es (LPD), de l&rsquo;ordonnance relative \u00e0 la loi f\u00e9d\u00e9rale<br \/>\nsur la protection des donn\u00e9es (OLPD), de la loi sur les t\u00e9l\u00e9communications (LTC) et, dans la mesure o\u00f9 elles sont applicables, d&rsquo;autres dispositions relatives \u00e0 la protection des donn\u00e9es, notamment le r\u00e8glement g\u00e9n\u00e9ral sur la protection des donn\u00e9es de l&rsquo;Union europ\u00e9enne (RGPD).<\/p>\n<p>Pour savoir quelles donn\u00e9es personnelles nous collectons aupr\u00e8s de vous et \u00e0 quelles fins nous les utilisons, veuillez prendre connaissance des<br \/>\ninformations ci-dessous.<\/p>\n<h2>Principes du traitement des donn\u00e9es sur www.lemoment.ch<\/h2>\n<p>Les donn\u00e9es personnelles sur le site www.lemoment.ch<\/p>\n<ol>\n<li>sont trait\u00e9es de mani\u00e8re licite, loyale et tra\u00e7able pour la personne concern\u00e9e.<\/li>\n<li>sont utilis\u00e9es uniquement pour l&rsquo;ex\u00e9cution et le traitement des services et offres propos\u00e9s sur le site web et ne sont en aucun cas trait\u00e9es ult\u00e9rieurement de mani\u00e8re incompatible avec cette finalit\u00e9.<\/li>\n<li>qui sont inexactes au regard des finalit\u00e9s de leur traitement sont imm\u00e9diatement effac\u00e9es ou rectifi\u00e9es.<\/li>\n<li>ne sont conserv\u00e9es que pendant la dur\u00e9e n\u00e9cessaire aux finalit\u00e9s pour lesquelles elles sont trait\u00e9es.<\/li>\n<li>sont trait\u00e9es de mani\u00e8re \u00e0 garantir une s\u00e9curit\u00e9 appropri\u00e9e, y compris la protection contre le traitement non autoris\u00e9 ou illicite et contre la perte accidentelle, la destruction accidentelle ou les dommages accidentels.<\/li>\n<\/ol>\n<h2>L\u00e9gitimit\u00e9 du traitement des donn\u00e9es<\/h2>\n<p>En utilisant ce site web, l&rsquo;utilisateur donne son consentement au traitement des donn\u00e9es \u00e0 caract\u00e8re personnel le concernant.<\/p>\n<p>Les offres sur www.lemoment.ch s&rsquo;adressent exclusivement aux entreprises et aux personnes de plus de 16 ans. Les donn\u00e9es personnelles reconnues<br \/>\nconcernant des enfants de moins de 16 ans seront imm\u00e9diatement supprim\u00e9es.<\/p>\n<p>L&rsquo;utilisateur a le droit de r\u00e9voquer son consentement \u00e0 tout moment (par e-mail \u00e0 l&rsquo;adresse info@lemoment.ch). La r\u00e9vocation du consentement n&rsquo;affecte pas la l\u00e9galit\u00e9 du traitement effectu\u00e9 sur la base du consentement jusqu&rsquo;\u00e0 la r\u00e9vocation.<\/p>\n<h2>Port\u00e9e et objectif de la collecte, du traitement et de l&rsquo;utilisation des donn\u00e9es \u00e0 caract\u00e8re personnel<\/h2>\n<p><strong>En visitant<\/strong> www.lemoment.ch<\/p>\n<p>Lors de la visite de www.lemoment.ch, nos serveurs enregistrent temporairement chaque acc\u00e8s dans un fichier journal. Les donn\u00e9es suivantes sont saisies sans intervention de votre part et enregistr\u00e9es par nos soins jusqu&rsquo;\u00e0 leur suppression automatis\u00e9e au bout de douze mois au plus tard :<\/p>\n<p>La collecte et le traitement de ces donn\u00e9es ont pour but de permettre l&rsquo;utilisation de notre site web (\u00e9tablissement de la connexion), de garantir la s\u00e9curit\u00e9 et la stabilit\u00e9 du syst\u00e8me et de permettre l&rsquo;optimisation de notre offre Internet ainsi qu&rsquo;\u00e0 des fins statistiques internes. L&rsquo;adresse IP est notamment utilis\u00e9e pour saisir le pays de s\u00e9jour du visiteur du site web et pour proc\u00e9der \u00e0 un pr\u00e9r\u00e9glage de la langue du site web en fonction de celui-ci. En outre, l&rsquo;adresse IP est \u00e9valu\u00e9e en cas d&rsquo;attaques sur l&rsquo;infrastructure de r\u00e9seau de www.lemoment.ch et \u00e0 des fins statistiques.<\/p>\n<p>En outre, lorsque vous visitez notre site web, nous utilisons ce que l&rsquo;on appelle des pixels et des cookies pour afficher de la publicit\u00e9 personnalis\u00e9e et pour utiliser des services d&rsquo;analyse web.<\/p>\n<ul>\n<li>l&rsquo;adresse IP de l&rsquo;ordinateur demandeur,<\/li>\n<li>la date et l&rsquo;heure de l&rsquo;acc\u00e8s,<\/li>\n<li>le nom et l&rsquo;URL du fichier consult\u00e9,<\/li>\n<li>le site web \u00e0 partir duquel l&rsquo;acc\u00e8s a eu lieu,<\/li>\n<li>le syst\u00e8me d&rsquo;exploitation de votre ordinateur et le navigateur que vous utilisez,<\/li>\n<li>le pays depuis lequel vous avez acc\u00e9d\u00e9 au site et les param\u00e8tres de langue de votre navigateur,<\/li>\n<li>le nom de votre fournisseur d&rsquo;acc\u00e8s \u00e0 Internet.<\/li>\n<\/ul>\n<h3>Lors de l&rsquo;utilisation des formulaires<\/h3>\n<p>Vous avez la possibilit\u00e9 d&rsquo;utiliser un formulaire de contact pour entrer en contact avec nous. La saisie des donn\u00e9es personnelles suivantes est obligatoire :<\/p>\n<p>Si ces informations ne sont pas fournies, cela peut entraver la fourniture de nos services. La fourniture d&rsquo;autres informations est facultative et n&rsquo;a aucune incidence sur l&rsquo;utilisation de notre site.<\/p>\n<p>Nous n&rsquo;utilisons ces donn\u00e9es que pour r\u00e9pondre au mieux et de mani\u00e8re personnalis\u00e9e \u00e0 votre demande de contact. Vous pouvez vous opposer \u00e0 tout moment \u00e0 ce traitement des donn\u00e9es et nous demander de supprimer vos donn\u00e9es (par e-mail \u00e0 info@lemoment.ch).<\/p>\n<ul>\n<li>Pr\u00e9nom<\/li>\n<li>Nom de famille<\/li>\n<li>Adresse \u00e9lectronique<\/li>\n<li>T\u00e9l\u00e9phone<\/li>\n<li>Adresse<\/li>\n<li>Lieu<\/li>\n<li>CODE POSTAL<\/li>\n<\/ul>\n<h2>Utilisation des donn\u00e9es \u00e0 des fins publicitaires<\/h2>\n<p>Nous pouvons utiliser les donn\u00e9es personnelles des utilisateurs de www.lemoment.ch pour promouvoir nos services (publicit\u00e9 en ligne et\/ou imprim\u00e9e, etc.). Nous sommes autoris\u00e9s \u00e0 transmettre des donn\u00e9es personnelles \u00e0 des tiers \u00e0 cette fin. L&rsquo;utilisateur accepte express\u00e9ment cette utilisation de ses donn\u00e9es.<\/p>\n<h2>Transmission des donn\u00e9es \u00e0 des tiers<\/h2>\n<p>Nous ne transmettons vos donn\u00e9es personnelles que si vous y avez express\u00e9ment consenti, s&rsquo;il existe une obligation l\u00e9gale \u00e0 cet effet ou si cela est n\u00e9cessaire pour faire valoir nos droits, en particulier pour faire valoir des pr\u00e9tentions d\u00e9coulant de la relation entre vous et nous.<\/p>\n<p>En outre, nous transmettons vos donn\u00e9es \u00e0 des tiers dans la mesure o\u00f9 cela est n\u00e9cessaire dans le cadre de l&rsquo;utilisation du site web pour la mise \u00e0 disposition des services que vous avez demand\u00e9s ainsi que pour l&rsquo;analyse de votre comportement d&rsquo;utilisateur. Dans la mesure o\u00f9 cela est n\u00e9cessaire aux fins mentionn\u00e9es dans la premi\u00e8re phrase, la transmission peut \u00e9galement avoir lieu \u00e0 l&rsquo;\u00e9tranger. Dans la mesure o\u00f9 le site web contient des liens vers des sites web de tiers, nous n&rsquo;avons plus aucune influence sur la collecte, le traitement, l&rsquo;enregistrement ou l&rsquo;utilisation des donn\u00e9es personnelles par le tiers apr\u00e8s avoir cliqu\u00e9 sur ces liens et n&rsquo;assumons aucune responsabilit\u00e9 \u00e0 cet \u00e9gard.<\/p>\n<h2>Transfert de donn\u00e9es \u00e0 caract\u00e8re personnel \u00e0 l&rsquo;\u00e9tranger<\/h2>\n<p>Nous sommes \u00e9galement autoris\u00e9s \u00e0 transmettre vos donn\u00e9es personnelles \u00e0 des entreprises tierces (prestataires de services mandat\u00e9s) \u00e0 l&rsquo;\u00e9tranger, dans la mesure o\u00f9 cela est n\u00e9cessaire pour les traitements de donn\u00e9es d\u00e9crits dans la pr\u00e9sente d\u00e9claration de protection des donn\u00e9es. Ceux-ci sont tenus de respecter la protection des donn\u00e9es dans la m\u00eame mesure que nous-m\u00eames. Si le niveau de protection des donn\u00e9es dans un pays ne correspond pas \u00e0 celui de la Suisse ou de l&rsquo;Europe, nous nous assurons par contrat que la protection de vos donn\u00e9es personnelles correspond \u00e0 tout moment \u00e0 celle de la Suisse ou de l&rsquo;UE.<\/p>\n<h2>S\u00e9curit\u00e9 des donn\u00e9es<\/h2>\n<p>Nous avons recours \u00e0 des mesures de s\u00e9curit\u00e9 techniques et organisationnelles appropri\u00e9es afin de prot\u00e9ger vos donn\u00e9es personnelles enregistr\u00e9es chez nous contre toute manipulation, perte partielle ou totale et contre tout acc\u00e8s non autoris\u00e9 par des tiers. Nos mesures de s\u00e9curit\u00e9 sont am\u00e9lior\u00e9es en permanence en fonction de l&rsquo;\u00e9volution technologique.<\/p>\n<p>Vous devez toujours garder vos informations de paiement confidentielles et fermer la fen\u00eatre de votre navigateur lorsque vous avez termin\u00e9 de communiquer avec nous, en particulier si vous partagez votre ordinateur avec d&rsquo;autres personnes.<\/p>\n<p>Nous prenons \u00e9galement tr\u00e8s au s\u00e9rieux la protection des donn\u00e9es au sein de l&rsquo;entreprise. Nos collaborateurs et les entreprises de services que nous mandatons sont tenus au secret professionnel et au respect des dispositions l\u00e9gales en mati\u00e8re de protection des donn\u00e9es.<\/p>\n<h2>Cookies<\/h2>\n<p>Les cookies contribuent sous de nombreux aspects \u00e0 rendre votre visite sur notre site web plus simple, plus agr\u00e9able et plus judicieuse. Les cookies sont des fichiers d&rsquo;information que votre navigateur web enregistre automatiquement sur le disque dur de votre ordinateur lorsque vous visitez notre site web. Les cookies n&rsquo;endommagent pas le disque dur de votre ordinateur et ne nous transmettent pas les donn\u00e9es personnelles des utilisateurs.<\/p>\n<p>Nous utilisons par exemple des cookies pour mieux adapter les informations, les offres et la publicit\u00e9 qui vous sont pr\u00e9sent\u00e9es \u00e0 vos int\u00e9r\u00eats individuels. Leur utilisation ne nous permet pas d&rsquo;obtenir de nouvelles donn\u00e9es personnelles vous concernant en tant que visiteur en ligne. La plupart des navigateurs Internet acceptent automatiquement les cookies. Vous pouvez toutefois configurer votre navigateur de mani\u00e8re \u00e0 ce qu&rsquo;aucun cookie ne soit enregistr\u00e9 sur votre ordinateur ou qu&rsquo;un message s&rsquo;affiche toujours lorsque vous recevez un nouveau cookie.<\/p>\n<p>La d\u00e9sactivation des cookies peut vous emp\u00eacher d&rsquo;utiliser toutes les fonctionnalit\u00e9s de notre site.<\/p>\n<h2>Outils de suivi<\/h2>\n<p>Sur notre site web, nous utilisons ce que l&rsquo;on appelle des outils de suivi. Ces outils de suivi permettent d&rsquo;observer votre comportement de navigation sur notre site web. Cette observation a lieu dans le but d&rsquo;une conception adapt\u00e9e aux besoins et d&rsquo;une optimisation continue de notre site web. Dans ce contexte, des profils d&rsquo;utilisation pseudonymis\u00e9s sont cr\u00e9\u00e9s et de petits fichiers texte enregistr\u00e9s sur votre ordinateur (\u00ab\u00a0cookies\u00a0\u00bb) sont utilis\u00e9s.<\/p>\n<h3>Google AdWords Conversion-Tracking<\/h3>\n<p>Nous utilisons le programme de publicit\u00e9 en ligne \u00ab\u00a0Google AdWords\u00a0\u00bb et, dans le cadre de Google AdWords, le Conversion-Tracking. Le suivi des conversions de Google est un service d&rsquo;analyse de Google Inc (1600 Amphitheatre Parkway, Mountain View, CA 94043, USA ; \u00ab\u00a0Google\u00a0\u00bb). Lorsque vous cliquez sur une annonce diffus\u00e9e par Google, un cookie pour le suivi des conversions est d\u00e9pos\u00e9 sur votre ordinateur. Ces cookies perdent leur validit\u00e9 apr\u00e8s 30 jours, ne contiennent pas de donn\u00e9es personnelles et ne servent donc pas \u00e0 l&rsquo;identification personnelle. Si vous visitez certaines pages Internet de notre site et que le cookie n&rsquo;a pas encore expir\u00e9, Google et nous pouvons reconna\u00eetre que vous avez cliqu\u00e9 sur l&rsquo;annonce et que vous avez \u00e9t\u00e9 redirig\u00e9 vers cette page. Chaque client Google AdWords re\u00e7oit un cookie diff\u00e9rent. Il n&rsquo;y a donc aucune possibilit\u00e9 de tracer les cookies via les sites web des clients AdWords.<\/p>\n<p>Les informations recueillies \u00e0 l&rsquo;aide du cookie de conversion servent \u00e0 \u00e9tablir des statistiques de conversion pour les clients AdWords qui ont opt\u00e9 pour le suivi des conversions. Les clients apprennent ainsi le nombre total d&rsquo;utilisateurs qui ont cliqu\u00e9 sur leur annonce et ont \u00e9t\u00e9 redirig\u00e9s vers une page munie d&rsquo;une balise de suivi des conversions. Ils ne re\u00e7oivent toutefois aucune information permettant d&rsquo;identifier personnellement les utilisateurs.<\/p>\n<p>Si vous ne souhaitez pas participer au tracking, vous pouvez vous opposer \u00e0 cette utilisation en emp\u00eachant l&rsquo;installation des cookies par un r\u00e9glage correspondant de votre logiciel de navigation (possibilit\u00e9 de d\u00e9sactivation). Vous ne serez alors pas inclus dans les statistiques de suivi des conversions. Vous trouverez de plus amples informations ainsi que la d\u00e9claration de protection des donn\u00e9es de Google sous :<br \/>\nhttp:\/\/www.google.com\/policies\/technologies\/ads\/ et<br \/>\nhttp:\/\/www.google.de\/policies\/privacy\/<\/p>\n<h3>Suivi Google Analytics<\/h3>\n<p>Ce site web utilise Google Analytics, un service d&rsquo;analyse web de Google Inc (\u00ab\u00a0Google\u00a0\u00bb). Google Analytics utilise des \u00ab\u00a0cookies\u00a0\u00bb, des fichiers texte qui sont enregistr\u00e9s sur votre ordinateur et qui permettent d&rsquo;analyser votre utilisation du site web. Les informations g\u00e9n\u00e9r\u00e9es par le cookie concernant votre utilisation de ce site web sont g\u00e9n\u00e9ralement transmises \u00e0 un serveur de Google aux \u00c9tats-Unis et y sont enregistr\u00e9es. En cas d&rsquo;activation de l&rsquo;anonymisation IP sur ce site web, votre adresse IP sera toutefois abr\u00e9g\u00e9e au pr\u00e9alable par Google dans les \u00c9tats membres de l&rsquo;Union europ\u00e9enne ou dans d&rsquo;autres \u00c9tats signataires de l&rsquo;accord sur l&rsquo;Espace \u00e9conomique europ\u00e9en.<\/p>\n<p>Ce n&rsquo;est que dans des cas exceptionnels que l&rsquo;adresse IP compl\u00e8te est transmise \u00e0 un serveur de Google aux \u00c9tats-Unis et y est abr\u00e9g\u00e9e. Google utilisera cette information dans le but d&rsquo;\u00e9valuer votre utilisation du site, de compiler des rapports sur l&rsquo;activit\u00e9 du site \u00e0 destination de son \u00e9diteur et de fournir d&rsquo;autres services relatifs \u00e0 l&rsquo;activit\u00e9 du site et \u00e0 l&rsquo;utilisation d&rsquo;Internet. Le cas \u00e9ch\u00e9ant, Google transmettra \u00e9galement ces informations \u00e0 des tiers, dans la mesure o\u00f9 cela est prescrit par la loi ou si des tiers traitent ces donn\u00e9es pour le compte de Google. L&rsquo;adresse IP transmise par votre navigateur dans le cadre de Google Analytics ne sera pas recoup\u00e9e avec d&rsquo;autres donn\u00e9es de Google.<\/p>\n<p>Vous pouvez emp\u00eacher l&rsquo;installation des cookies en param\u00e9trant votre navigateur en cons\u00e9quence ; nous attirons toutefois votre attention sur le fait que, dans ce cas, vous ne pourrez peut-\u00eatre pas utiliser toutes les fonctions de ce site web dans leur int\u00e9gralit\u00e9. En utilisant ce site web, vous acceptez que les donn\u00e9es collect\u00e9es \u00e0 votre sujet par Google soient trait\u00e9es de la mani\u00e8re et aux fins d\u00e9crites ci-dessus.<\/p>\n<h2>Droit d&rsquo;acc\u00e8s, de rectification, d&rsquo;effacement et de limitation du traitement ; droit \u00e0 la portabilit\u00e9 des donn\u00e9es<\/h2>\n<p>Vous avez le droit de recevoir gratuitement, sur demande, des informations sur les donn\u00e9es personnelles que nous avons enregistr\u00e9es \u00e0 votre sujet. Vous avez en outre le droit de faire rectifier des donn\u00e9es inexactes et le droit de faire effacer vos donn\u00e9es personnelles, dans la mesure o\u00f9 aucune obligation l\u00e9gale de conservation ou aucun motif d&rsquo;autorisation nous permettant de traiter les donn\u00e9es ne s&rsquo;y oppose. Conform\u00e9ment aux articles 18 et 21 du RGPD, vous avez en outre le droit de demander une limitation du traitement des donn\u00e9es et de vous opposer au traitement des donn\u00e9es.<\/p>\n<p>Vous avez en outre le droit de nous demander de vous restituer les donn\u00e9es que vous nous avez transmises. Sur demande, nous transmettons \u00e9galement les donn\u00e9es \u00e0 un tiers de votre choix. Vous avez le droit de recevoir les donn\u00e9es dans un format de fichier courant.<\/p>\n<p>Vous pouvez nous contacter aux fins susmentionn\u00e9es via l&rsquo;adresse \u00e9lectronique info@lemoment.ch atteindre.<\/p>\n<p>Pour le traitement de vos demandes, nous pouvons, \u00e0 notre discr\u00e9tion, vous demander une preuve d&rsquo;identit\u00e9.<\/p>\n<p>Vous pouvez \u00e9galement nous indiquer ce qu&rsquo;il adviendra de vos donn\u00e9es apr\u00e8s votre d\u00e9c\u00e8s en nous donnant des instructions \u00e0 cet effet.<\/p>\n<h2>Remarque sur les transferts de donn\u00e9es vers les \u00c9tats-Unis<\/h2>\n<p>Par souci d&rsquo;exhaustivit\u00e9, nous attirons l&rsquo;attention des utilisateurs r\u00e9sidant ou domicili\u00e9s en Suisse sur le fait qu&rsquo;il existe aux \u00c9tats-Unis des mesures de surveillance des autorit\u00e9s am\u00e9ricaines qui permettent, de mani\u00e8re g\u00e9n\u00e9rale, de stocker toutes les donn\u00e9es \u00e0 caract\u00e8re personnel de toutes les personnes dont les donn\u00e9es ont \u00e9t\u00e9 transmises de la Suisse vers les \u00c9tats-Unis. Cela se fait sans diff\u00e9renciation, limitation ou exception en fonction de l&rsquo;objectif poursuivi et sans crit\u00e8re objectif permettant de restreindre l&rsquo;acc\u00e8s des autorit\u00e9s am\u00e9ricaines aux donn\u00e9es et leur utilisation ult\u00e9rieure \u00e0 des fins bien pr\u00e9cises et strictement limit\u00e9es, susceptibles de justifier l&rsquo;ing\u00e9rence li\u00e9e tant \u00e0 l&rsquo;acc\u00e8s \u00e0 ces donn\u00e9es qu&rsquo;\u00e0 leur utilisation. En outre, nous attirons l&rsquo;attention sur le fait qu&rsquo;aux \u00c9tats-Unis, les personnes concern\u00e9es de Suisse ne disposent d&rsquo;aucun moyen juridique leur permettant d&rsquo;acc\u00e9der aux donn\u00e9es les concernant et d&rsquo;en obtenir la rectification ou la suppression, ou qu&rsquo;il n&rsquo;existe pas de protection juridique efficace contre les droits d&rsquo;acc\u00e8s g\u00e9n\u00e9raux des autorit\u00e9s am\u00e9ricaines. Nous attirons explicitement l&rsquo;attention de la personne concern\u00e9e sur cette situation juridique et factuelle afin qu&rsquo;elle puisse prendre une d\u00e9cision \u00e9clair\u00e9e en cons\u00e9quence concernant le consentement \u00e0 l&rsquo;utilisation de ses donn\u00e9es.<\/p>\n<p>Nous attirons l&rsquo;attention des utilisateurs r\u00e9sidant dans un \u00c9tat membre de l&rsquo;UE sur le fait que les \u00c9tats-Unis ne disposent pas d&rsquo;un niveau de protection des donn\u00e9es suffisant du point de vue de l&rsquo;Union europ\u00e9enne.<\/p>\n<h2>Conservation des donn\u00e9es<\/h2>\n<p>Nous ne conservons les donn\u00e9es \u00e0 caract\u00e8re personnel que pendant la dur\u00e9e n\u00e9cessaire \u00e0 l&rsquo;utilisation des services de suivi, de publicit\u00e9 et d&rsquo;analyse susmentionn\u00e9s dans le cadre de notre int\u00e9r\u00eat l\u00e9gitime, \u00e0 l&rsquo;ex\u00e9cution, dans la mesure susmentionn\u00e9e, des services que vous avez demand\u00e9s ou pour lesquels vous avez donn\u00e9 votre consentement, ainsi qu&rsquo;au respect de nos obligations l\u00e9gales.<\/p>\n<p>Nous conservons les donn\u00e9es contractuelles plus longtemps, car cela est prescrit par des obligations l\u00e9gales de conservation. Les obligations de conservation qui nous obligent \u00e0 conserver des donn\u00e9es d\u00e9coulent des dispositions relatives \u00e0 la comptabilit\u00e9 et au droit fiscal. Conform\u00e9ment \u00e0 ces prescriptions, les communications commerciales, les contrats conclus et les pi\u00e8ces comptables doivent \u00eatre conserv\u00e9s jusqu&rsquo;\u00e0 10 ans ou, en ce qui concerne les utilisateurs r\u00e9sidant en France, jusqu&rsquo;\u00e0 5 ans. Si nous n&rsquo;avons plus besoin de ces donn\u00e9es pour vous fournir des services, elles seront bloqu\u00e9es. Cela signifie que les donn\u00e9es ne peuvent alors plus \u00eatre utilis\u00e9es qu&rsquo;\u00e0 des fins de facturation et \u00e0 des fins fiscales.<\/p>\n<h2>Droit de recours aupr\u00e8s d&rsquo;une autorit\u00e9 de surveillance de la protection des donn\u00e9es<\/h2>\n<p>Si vous r\u00e9sidez dans un pays de l&rsquo;UE, vous avez le droit de d\u00e9poser une plainte \u00e0 tout moment aupr\u00e8s d&rsquo;une autorit\u00e9 de contr\u00f4le de la protection des donn\u00e9es.<\/p>\n<\/div><\/div><\/div><\/div><\/div><\/div><\/section>\n","protected":false},"excerpt":{"rendered":"D\u00e9claration de confidentialit\u00e9 Karin Flury est l&rsquo;exploitante du site www.lemoment.ch et donc responsable de la collecte, du traitement et de l&rsquo;utilisation de vos donn\u00e9es personnelles et de la compatibilit\u00e9 du traitement des donn\u00e9es avec la l\u00e9gislation en vigueur. Votre confiance est importante pour nous. Nous prenons le th\u00e8me de la protection des donn\u00e9es au s\u00e9rieux...","protected":false},"author":1,"featured_media":0,"parent":0,"menu_order":0,"comment_status":"closed","ping_status":"closed","template":"","meta":{"footnotes":""},"class_list":["post-717","page","type-page","status-publish","hentry"],"_links":{"self":[{"href":"https:\/\/lemoment.ch\/fr\/wp-json\/wp\/v2\/pages\/717","targetHints":{"allow":["GET"]}}],"collection":[{"href":"https:\/\/lemoment.ch\/fr\/wp-json\/wp\/v2\/pages"}],"about":[{"href":"https:\/\/lemoment.ch\/fr\/wp-json\/wp\/v2\/types\/page"}],"author":[{"embeddable":true,"href":"https:\/\/lemoment.ch\/fr\/wp-json\/wp\/v2\/users\/1"}],"replies":[{"embeddable":true,"href":"https:\/\/lemoment.ch\/fr\/wp-json\/wp\/v2\/comments?post=717"}],"version-history":[{"count":2,"href":"https:\/\/lemoment.ch\/fr\/wp-json\/wp\/v2\/pages\/717\/revisions"}],"predecessor-version":[{"id":719,"href":"https:\/\/lemoment.ch\/fr\/wp-json\/wp\/v2\/pages\/717\/revisions\/719"}],"wp:attachment":[{"href":"https:\/\/lemoment.ch\/fr\/wp-json\/wp\/v2\/media?parent=717"}],"curies":[{"name":"wp","href":"https:\/\/api.w.org\/{rel}","templated":true}]}}