{"id":255,"date":"2022-05-09T08:37:33","date_gmt":"2022-05-09T06:37:33","guid":{"rendered":"https:\/\/lemoment.ch\/chambres\/"},"modified":"2023-01-06T10:33:06","modified_gmt":"2023-01-06T09:33:06","slug":"chambres","status":"publish","type":"page","link":"https:\/\/lemoment.ch\/fr\/chambres\/","title":{"rendered":"Chambres"},"content":{"rendered":"<section class=\"l-section wpb_row height_auto width_full\"><div class=\"l-section-h i-cf\"><div class=\"g-cols vc_row via_grid cols_5-1 laptops-cols_inherit tablets-cols_inherit mobiles-cols_1 valign_middle type_default stacking_default\" style=\"--columns-gap:0px;\"><div class=\"wpb_column vc_column_container\"><div class=\"vc_column-inner\"><div class=\"w-slider us_custom_7b433250 style_none fit_cover nav_none count_5\"><div class=\"w-slider-h\" aria-hidden=\"true\"><div class=\"royalSlider\"><div class=\"rsContent\"><a class=\"rsImg\" data-rsw=\"1920\" data-rsh=\"1280\" href=\"https:\/\/lemoment.ch\/wp-content\/uploads\/2022\/05\/lemoment-zimmer-1-1.jpg\"><span data-alt=\"\"><\/span><\/a><\/div><div class=\"rsContent\"><a class=\"rsImg\" data-rsw=\"1920\" data-rsh=\"1440\" href=\"https:\/\/lemoment.ch\/wp-content\/uploads\/2022\/05\/lemoment-zimmer-3-2-neu.jpg\"><span data-alt=\"\"><\/span><\/a><\/div><div class=\"rsContent\"><a class=\"rsImg\" data-rsw=\"1920\" data-rsh=\"1280\" href=\"https:\/\/lemoment.ch\/wp-content\/uploads\/2022\/05\/lemoment-zimmer-4-1.jpg\"><span data-alt=\"\"><\/span><\/a><\/div><div class=\"rsContent\"><a class=\"rsImg\" data-rsw=\"1920\" data-rsh=\"1280\" href=\"https:\/\/lemoment.ch\/wp-content\/uploads\/2022\/05\/lemoment-zimmer-5-1.jpg\"><span data-alt=\"\"><\/span><\/a><\/div><div class=\"rsContent\"><a class=\"rsImg\" data-rsw=\"1920\" data-rsh=\"1281\" href=\"https:\/\/lemoment.ch\/wp-content\/uploads\/2022\/05\/lemoment-zimmer-2-1.jpg\"><span data-alt=\"\"><\/span><\/a><\/div><\/div><img decoding=\"async\" src=\"https:\/\/lemoment.ch\/wp-content\/uploads\/2022\/05\/lemoment-zimmer-1-1.jpg\" width=\"1920\" height=\"1280\" alt loading=\"lazy\"><\/div><div class=\"w-slider-json\" onclick='return {&quot;autoScaleSlider&quot;:true,&quot;addActiveClass&quot;:true,&quot;loop&quot;:true,&quot;fadeInLoadedSlide&quot;:false,&quot;slidesSpacing&quot;:0,&quot;imageScalePadding&quot;:0,&quot;numImagesToPreload&quot;:2,&quot;arrowsNav&quot;:true,&quot;arrowsNavAutoHide&quot;:false,&quot;transitionType&quot;:&quot;fade&quot;,&quot;transitionSpeed&quot;:250,&quot;block&quot;:{&quot;moveEffect&quot;:&quot;none&quot;,&quot;speed&quot;:300},&quot;thumbs&quot;:{&quot;fitInViewport&quot;:false,&quot;firstMargin&quot;:false,&quot;spacing&quot;:4},&quot;controlNavigation&quot;:&quot;none&quot;,&quot;autoplay&quot;:{&quot;enabled&quot;:true,&quot;pauseOnHover&quot;:false,&quot;delay&quot;:5000},&quot;autoScaleSliderWidth&quot;:1920,&quot;autoScaleSliderHeight&quot;:1280}'><\/div><\/div><\/div><\/div><div class=\"wpb_column vc_column_container us_custom_308d0844 has_bg_color\"><div class=\"vc_column-inner\"><h1 class=\"w-post-elm post_title us_custom_eb849559 vertical entry-title color_link_inherit\">Chambres<\/h1><\/div><\/div><\/div><\/div><\/section><section class=\"l-section wpb_row us_custom_5fb9c346 booking height_medium\"><div class=\"l-section-h i-cf\"><div class=\"g-cols vc_row via_grid cols_1 laptops-cols_inherit tablets-cols_inherit mobiles-cols_1 valign_top type_default stacking_default\"><div class=\"wpb_column vc_column_container\"><div class=\"vc_column-inner\"><div class=\"wpb_text_column\"><div class=\"wpb_wrapper\">\n<\/div><\/div><\/div><\/div><\/div><\/div><\/section><section class=\"l-section wpb_row height_medium\"><div class=\"l-section-h i-cf\"><div class=\"g-cols vc_row via_grid cols_1 laptops-cols_inherit tablets-cols_inherit mobiles-cols_1 valign_top type_default stacking_default\"><div class=\"wpb_column vc_column_container\"><div class=\"vc_column-inner\"><div class=\"wpb_text_column\"><div class=\"wpb_wrapper\"><h2>Nous nous r\u00e9jouissons d&rsquo;\u00eatre \u00e0 votre service \u00e0 partir du 12 mars 2023.<\/h2>\n<\/div><\/div><div class=\"w-separator size_small\"><\/div><div class=\"w-grid us_grid type_grid layout_364 cols_3 preload_style_spinner\" id=\"us_grid_1\" style=\"--columns:3;--gap:1.5rem;\" data-filterable=\"true\"><style>@media (max-width:1280px){#us_grid_1{--columns:2!important}}@media (max-width:1024px){#us_grid_1{--columns:1!important}}@media (max-width:768px){#us_grid_1{--columns:1!important}}.layout_364 .w-grid-item-h{}.layout_364 .usg_vwrapper_2{}.layout_364 .w-grid-item-h:focus-within .usg_vwrapper_2,.layout_364 .w-grid-item-h:hover .usg_vwrapper_2{}@media(min-width:769px){.layout_364 .usg_btn_1{display:none!important}}.layout_364 .usg_vwrapper_2{background:var(--color-alt-content-bg)!important}.layout_364 .usg_post_image_2{margin-bottom:1.5rem!important}.layout_364 .usg_post_title_2{margin-left:1.5rem!important;margin-right:1.5rem!important}.layout_364 .usg_post_content_1{color:var(--color-alt-content-text)!important;margin-left:1.5rem!important;margin-bottom:1.5rem!important;margin-right:1.5rem!important}.layout_364 .usg_btn_1{text-align:center!important;margin-left:1.5rem!important;margin-bottom:1.5rem!important;margin-right:1.5rem!important;position:relative!important;z-index:111!important}<\/style><div class=\"w-grid-list\">\t<article class=\"w-grid-item size_1x1 post-692 hb_accommodation type-hb_accommodation status-publish has-post-thumbnail hentry\" data-id=\"692\">\r\n\t\t<div class=\"w-grid-item-h\">\r\n\t\t\t\t\t\t\t<a href=\"https:\/\/lemoment.ch\/fr\/unterkunft\/chambre-1\/\" class=\"w-grid-item-anchor\" aria-label=\"Chambre 1\"><\/a>\r\n\t\t\t\t\t\t<div class=\"w-vwrapper usg_vwrapper_2 align_center\" style=\"--vwrapper-gap:0.3rem\"><div class=\"w-post-elm post_image usg_post_image_2 has_ratio\"><img loading=\"lazy\" decoding=\"async\" width=\"1920\" height=\"1280\" src=\"https:\/\/lemoment.ch\/wp-content\/uploads\/2022\/05\/lemoment-zimmer-1-1.jpg\" class=\"attachment-full size-full wp-post-image\" alt=\"\" \/><div style=\"padding-bottom:56.25%\"><\/div><\/div><h2 class=\"w-post-elm post_title usg_post_title_2 entry-title color_link_inherit\">Chambre 1<\/h2><div class=\"w-post-elm post_content usg_post_content_1 has_text_color\">Chambre double confortable, c\u00f4t\u00e9 nord, avec vue sur la Montagne du Droit. Lit de\u2026<\/div><button tabindex=\"-1\" class=\"w-btn us-btn-style_2 usg_btn_1\"><span class=\"w-btn-label\">Voir cette chambre<\/span><\/button><\/div>\t\t<\/div>\r\n\t\t\t<\/article>\r\n\t<article class=\"w-grid-item size_1x1 post-694 hb_accommodation type-hb_accommodation status-publish has-post-thumbnail hentry\" data-id=\"694\">\r\n\t\t<div class=\"w-grid-item-h\">\r\n\t\t\t\t\t\t\t<a href=\"https:\/\/lemoment.ch\/fr\/unterkunft\/chambre-2\/\" class=\"w-grid-item-anchor\" aria-label=\"Chambre 2\"><\/a>\r\n\t\t\t\t\t\t<div class=\"w-vwrapper usg_vwrapper_2 align_center\" style=\"--vwrapper-gap:0.3rem\"><div class=\"w-post-elm post_image usg_post_image_2 has_ratio\"><img loading=\"lazy\" decoding=\"async\" width=\"1920\" height=\"1281\" src=\"https:\/\/lemoment.ch\/wp-content\/uploads\/2022\/05\/lemoment-zimmer-2-1.jpg\" class=\"attachment-full size-full wp-post-image\" alt=\"\" \/><div style=\"padding-bottom:56.25%\"><\/div><\/div><h2 class=\"w-post-elm post_title usg_post_title_2 entry-title color_link_inherit\">Chambre 2<\/h2><div class=\"w-post-elm post_content usg_post_content_1 has_text_color\">Charmante chambre double avec des \u00e9l\u00e9ments en bois d&rsquo;origine, c\u00f4t\u00e9 sud. Lit de haute\u2026<\/div><button tabindex=\"-1\" class=\"w-btn us-btn-style_2 usg_btn_1\"><span class=\"w-btn-label\">Voir cette chambre<\/span><\/button><\/div>\t\t<\/div>\r\n\t\t\t<\/article>\r\n\t<article class=\"w-grid-item size_1x1 post-696 hb_accommodation type-hb_accommodation status-publish has-post-thumbnail hentry\" data-id=\"696\">\r\n\t\t<div class=\"w-grid-item-h\">\r\n\t\t\t\t\t\t\t<a href=\"https:\/\/lemoment.ch\/fr\/unterkunft\/chambre-3\/\" class=\"w-grid-item-anchor\" aria-label=\"Chambre 3\"><\/a>\r\n\t\t\t\t\t\t<div class=\"w-vwrapper usg_vwrapper_2 align_center\" style=\"--vwrapper-gap:0.3rem\"><div class=\"w-post-elm post_image usg_post_image_2 has_ratio\"><img loading=\"lazy\" decoding=\"async\" width=\"1920\" height=\"1440\" src=\"https:\/\/lemoment.ch\/wp-content\/uploads\/2022\/05\/lemoment-zimmer-3-2-neu.jpg\" class=\"attachment-full size-full wp-post-image\" alt=\"\" \/><div style=\"padding-bottom:56.25%\"><\/div><\/div><h2 class=\"w-post-elm post_title usg_post_title_2 entry-title color_link_inherit\">Chambre 3<\/h2><div class=\"w-post-elm post_content usg_post_content_1 has_text_color\">Chambre double confortable c\u00f4t\u00e9 sud avec vue sur la Combe-Gr\u00e8de. Lit de haute qualit\u00e9\u2026<\/div><button tabindex=\"-1\" class=\"w-btn us-btn-style_2 usg_btn_1\"><span class=\"w-btn-label\">Voir cette chambre<\/span><\/button><\/div>\t\t<\/div>\r\n\t\t\t<\/article>\r\n\t<article class=\"w-grid-item size_1x1 post-698 hb_accommodation type-hb_accommodation status-publish has-post-thumbnail hentry\" data-id=\"698\">\r\n\t\t<div class=\"w-grid-item-h\">\r\n\t\t\t\t\t\t\t<a href=\"https:\/\/lemoment.ch\/fr\/unterkunft\/chambre-4\/\" class=\"w-grid-item-anchor\" aria-label=\"Chambre 4\"><\/a>\r\n\t\t\t\t\t\t<div class=\"w-vwrapper usg_vwrapper_2 align_center\" style=\"--vwrapper-gap:0.3rem\"><div class=\"w-post-elm post_image usg_post_image_2 has_ratio\"><img loading=\"lazy\" decoding=\"async\" width=\"1920\" height=\"1280\" src=\"https:\/\/lemoment.ch\/wp-content\/uploads\/2022\/05\/lemoment-zimmer-4-1.jpg\" class=\"attachment-full size-full wp-post-image\" alt=\"\" \/><div style=\"padding-bottom:56.25%\"><\/div><\/div><h2 class=\"w-post-elm post_title usg_post_title_2 entry-title color_link_inherit\">Chambre 4<\/h2><div class=\"w-post-elm post_content usg_post_content_1 has_text_color\">Chambre individuelle confortable c\u00f4t\u00e9 sud avec vue sur la Combe-Gr\u00e8de. Lit de haute qualit\u00e9\u2026<\/div><button tabindex=\"-1\" class=\"w-btn us-btn-style_2 usg_btn_1\"><span class=\"w-btn-label\">Voir cette chambre<\/span><\/button><\/div>\t\t<\/div>\r\n\t\t\t<\/article>\r\n\t<article class=\"w-grid-item size_1x1 post-700 hb_accommodation type-hb_accommodation status-publish has-post-thumbnail hentry\" data-id=\"700\">\r\n\t\t<div class=\"w-grid-item-h\">\r\n\t\t\t\t\t\t\t<a href=\"https:\/\/lemoment.ch\/fr\/unterkunft\/chambre-5\/\" class=\"w-grid-item-anchor\" aria-label=\"Chambre 5\"><\/a>\r\n\t\t\t\t\t\t<div class=\"w-vwrapper usg_vwrapper_2 align_center\" style=\"--vwrapper-gap:0.3rem\"><div class=\"w-post-elm post_image usg_post_image_2 has_ratio\"><img loading=\"lazy\" decoding=\"async\" width=\"1920\" height=\"1280\" src=\"https:\/\/lemoment.ch\/wp-content\/uploads\/2022\/05\/lemoment-zimmer-5-1.jpg\" class=\"attachment-full size-full wp-post-image\" alt=\"\" \/><div style=\"padding-bottom:56.25%\"><\/div><\/div><h2 class=\"w-post-elm post_title usg_post_title_2 entry-title color_link_inherit\">Chambre 5<\/h2><div class=\"w-post-elm post_content usg_post_content_1 has_text_color\">Charmante chambre double avec lambris d&rsquo;origine au plafond. C\u00f4t\u00e9 sud-ouest. Lit de haute qualit\u00e9\u2026<\/div><button tabindex=\"-1\" class=\"w-btn us-btn-style_2 usg_btn_1\"><span class=\"w-btn-label\">Voir cette chambre<\/span><\/button><\/div>\t\t<\/div>\r\n\t\t\t<\/article>\r\n<\/div>\t<div class=\"w-grid-preloader\">\r\n\t\t<div class=\"g-preloader type_1\">\r\n\t\t\t<div><\/div>\r\n\t\t<\/div>\r\n\t<\/div>\r\n\t\t<div class=\"w-grid-json hidden\" onclick='return {&quot;action&quot;:&quot;us_ajax_grid&quot;,&quot;infinite_scroll&quot;:0,&quot;max_num_pages&quot;:1,&quot;pagination&quot;:&quot;none&quot;,&quot;template_vars&quot;:{&quot;columns&quot;:&quot;3&quot;,&quot;exclude_items&quot;:&quot;none&quot;,&quot;img_size&quot;:&quot;default&quot;,&quot;ignore_items_size&quot;:0,&quot;items_layout&quot;:&quot;364&quot;,&quot;items_offset&quot;:&quot;1&quot;,&quot;load_animation&quot;:&quot;none&quot;,&quot;overriding_link&quot;:&quot;%7B%22type%22%3A%22post%22%7D&quot;,&quot;post_id&quot;:0,&quot;query_args&quot;:{&quot;post_type&quot;:[&quot;hb_accommodation&quot;],&quot;post_status&quot;:[&quot;publish&quot;],&quot;posts_per_page&quot;:999},&quot;orderby_query_args&quot;:{&quot;orderby&quot;:{&quot;date&quot;:&quot;ASC&quot;}},&quot;type&quot;:&quot;grid&quot;,&quot;us_grid_post_type&quot;:&quot;hb_accommodation&quot;,&quot;us_grid_ajax_index&quot;:1,&quot;us_grid_filter_query_string&quot;:null,&quot;us_grid_index&quot;:1,&quot;page_args&quot;:[],&quot;lang&quot;:&quot;fr&quot;}}'><\/div>\r\n\t<\/div><\/div><\/div><\/div><\/div><\/section>\n","protected":false},"excerpt":{"rendered":"Chambre 5Charmante chambre double avec lambris d&rsquo;origine au plafond. C\u00f4t\u00e9 sud-ouest. Lit de haute qualit\u00e9 \u00e9cologique, 180x200cm. Taille de la chambre env. 14m2 Salle de bain s\u00e9par\u00e9e avec baignoire, douche et WC \u00e0 partir de CHF 140, petit d\u00e9jeuner compris (pour une r\u00e9servation d&rsquo;une seule nuit, nous percevons un suppl\u00e9ment de CHF 10.-) Arriv\u00e9e \u00e0...","protected":false},"author":1,"featured_media":162,"parent":0,"menu_order":0,"comment_status":"closed","ping_status":"closed","template":"","meta":{"footnotes":""},"class_list":["post-255","page","type-page","status-publish","has-post-thumbnail","hentry"],"_links":{"self":[{"href":"https:\/\/lemoment.ch\/fr\/wp-json\/wp\/v2\/pages\/255","targetHints":{"allow":["GET"]}}],"collection":[{"href":"https:\/\/lemoment.ch\/fr\/wp-json\/wp\/v2\/pages"}],"about":[{"href":"https:\/\/lemoment.ch\/fr\/wp-json\/wp\/v2\/types\/page"}],"author":[{"embeddable":true,"href":"https:\/\/lemoment.ch\/fr\/wp-json\/wp\/v2\/users\/1"}],"replies":[{"embeddable":true,"href":"https:\/\/lemoment.ch\/fr\/wp-json\/wp\/v2\/comments?post=255"}],"version-history":[{"count":4,"href":"https:\/\/lemoment.ch\/fr\/wp-json\/wp\/v2\/pages\/255\/revisions"}],"predecessor-version":[{"id":704,"href":"https:\/\/lemoment.ch\/fr\/wp-json\/wp\/v2\/pages\/255\/revisions\/704"}],"wp:featuredmedia":[{"embeddable":true,"href":"https:\/\/lemoment.ch\/fr\/wp-json\/wp\/v2\/media\/162"}],"wp:attachment":[{"href":"https:\/\/lemoment.ch\/fr\/wp-json\/wp\/v2\/media?parent=255"}],"curies":[{"name":"wp","href":"https:\/\/api.w.org\/{rel}","templated":true}]}}