{"id":253,"date":"2022-05-09T08:37:46","date_gmt":"2022-05-09T06:37:46","guid":{"rendered":"https:\/\/lemoment.ch\/environnement\/"},"modified":"2023-01-06T10:43:07","modified_gmt":"2023-01-06T09:43:07","slug":"environnement","status":"publish","type":"page","link":"https:\/\/lemoment.ch\/fr\/environnement\/","title":{"rendered":"Environnement"},"content":{"rendered":"<section class=\"l-section wpb_row height_auto width_full\"><div class=\"l-section-h i-cf\"><div class=\"g-cols vc_row via_grid cols_5-1 laptops-cols_inherit tablets-cols_inherit mobiles-cols_1 valign_middle type_default stacking_default\" style=\"--columns-gap:0px;\"><div class=\"wpb_column vc_column_container\"><div class=\"vc_column-inner\"><div class=\"w-slider us_custom_7b433250 style_none fit_cover nav_none count_9\"><div class=\"w-slider-h\" aria-hidden=\"true\"><div class=\"royalSlider\"><div class=\"rsContent\"><a class=\"rsImg\" data-rsw=\"1920\" data-rsh=\"1440\" href=\"https:\/\/lemoment.ch\/wp-content\/uploads\/2022\/08\/le-moment_L1010160.jpg\"><span data-alt=\"\"><\/span><\/a><\/div><div class=\"rsContent\"><a class=\"rsImg\" data-rsw=\"1920\" data-rsh=\"1440\" href=\"https:\/\/lemoment.ch\/wp-content\/uploads\/2022\/08\/le-moment_L1010170.jpg\"><span data-alt=\"\"><\/span><\/a><\/div><div class=\"rsContent\"><a class=\"rsImg\" data-rsw=\"1920\" data-rsh=\"1275\" href=\"https:\/\/lemoment.ch\/wp-content\/uploads\/2022\/08\/le-moment_85.jpg\"><span data-alt=\"\"><\/span><\/a><\/div><div class=\"rsContent\"><a class=\"rsImg\" data-rsw=\"1920\" data-rsh=\"1440\" href=\"https:\/\/lemoment.ch\/wp-content\/uploads\/2022\/08\/le-moment_L1000783.jpg\"><span data-alt=\"\"><\/span><\/a><\/div><div class=\"rsContent\"><a class=\"rsImg\" data-rsw=\"1920\" data-rsh=\"1440\" href=\"https:\/\/lemoment.ch\/wp-content\/uploads\/2022\/08\/le-moment_L1000224.jpg\"><span data-alt=\"\"><\/span><\/a><\/div><div class=\"rsContent\"><a class=\"rsImg\" data-rsw=\"1920\" data-rsh=\"1440\" href=\"https:\/\/lemoment.ch\/wp-content\/uploads\/2022\/08\/le-moment_L1010402.jpg\"><span data-alt=\"\"><\/span><\/a><\/div><div class=\"rsContent\"><a class=\"rsImg\" data-rsw=\"1920\" data-rsh=\"1440\" href=\"https:\/\/lemoment.ch\/wp-content\/uploads\/2022\/08\/le-moment_L1010216.jpg\"><span data-alt=\"\"><\/span><\/a><\/div><div class=\"rsContent\"><a class=\"rsImg\" data-rsw=\"1920\" data-rsh=\"1440\" href=\"https:\/\/lemoment.ch\/wp-content\/uploads\/2022\/08\/le-moment_L1010162.jpg\"><span data-alt=\"\"><\/span><\/a><\/div><div class=\"rsContent\"><a class=\"rsImg\" data-rsw=\"1920\" data-rsh=\"1440\" href=\"https:\/\/lemoment.ch\/wp-content\/uploads\/2022\/08\/le-moment_L1000238.jpg\"><span data-alt=\"\"><\/span><\/a><\/div><\/div><img decoding=\"async\" src=\"https:\/\/lemoment.ch\/wp-content\/uploads\/2022\/08\/le-moment_L1010160.jpg\" width=\"1920\" height=\"1440\" alt loading=\"lazy\"><\/div><div class=\"w-slider-json\" onclick='return {&quot;autoScaleSlider&quot;:true,&quot;addActiveClass&quot;:true,&quot;loop&quot;:true,&quot;fadeInLoadedSlide&quot;:false,&quot;slidesSpacing&quot;:0,&quot;imageScalePadding&quot;:0,&quot;numImagesToPreload&quot;:2,&quot;arrowsNav&quot;:true,&quot;arrowsNavAutoHide&quot;:false,&quot;transitionType&quot;:&quot;fade&quot;,&quot;transitionSpeed&quot;:250,&quot;block&quot;:{&quot;moveEffect&quot;:&quot;none&quot;,&quot;speed&quot;:300},&quot;thumbs&quot;:{&quot;fitInViewport&quot;:false,&quot;firstMargin&quot;:false,&quot;spacing&quot;:4},&quot;controlNavigation&quot;:&quot;none&quot;,&quot;autoplay&quot;:{&quot;enabled&quot;:true,&quot;pauseOnHover&quot;:false,&quot;delay&quot;:5000},&quot;autoScaleSliderWidth&quot;:1920,&quot;autoScaleSliderHeight&quot;:1440}'><\/div><\/div><\/div><\/div><div class=\"wpb_column vc_column_container us_custom_308d0844 has_bg_color\"><div class=\"vc_column-inner\"><h1 class=\"w-post-elm post_title us_custom_eb849559 vertical entry-title color_link_inherit\">Environnement<\/h1><\/div><\/div><\/div><\/div><\/section><section class=\"l-section wpb_row height_medium\"><div class=\"l-section-h i-cf\"><div class=\"g-cols vc_row via_grid cols_1 laptops-cols_inherit tablets-cols_inherit mobiles-cols_1 valign_top type_default stacking_default\"><div class=\"wpb_column vc_column_container\"><div class=\"vc_column-inner\"><div class=\"wpb_text_column us_custom_e28183d5\"><div class=\"wpb_wrapper\"><h1>Environs<\/h1>\n<\/div><\/div><div class=\"wpb_text_column\"><div class=\"wpb_wrapper\"><p>Villeret se trouve sur la ligne de chemin de fer Bienne &#8211; La Chaux-de-Fonds. Vous atteignez facilement notre maison d&rsquo;h\u00f4tes en transports publics ou en voiture.<\/p>\n<p>Notre maison d&rsquo;h\u00f4tes jouxte la r\u00e9serve naturelle de la Combe-Gr\u00e8de.<\/p>\n<p>A 5 minutes \u00e0 pied de notre maison d&rsquo;h\u00f4tes, vous trouverez la gare, une \u00e9picerie, un magasin de fromage et le restaurant Caf\u00e8 F\u00e9d\u00e9ral, ouvert tous les jours.<\/p>\n<p>Profitez d&rsquo;une randonn\u00e9e \u00e0 travers les gorges de la Combe-Gr\u00e8de jusqu&rsquo;au Chasseral, d&rsquo;un tour en raquettes \u00e0 neige sur le Mont Crosin, d&rsquo;une excursion au mus\u00e9e dans l&rsquo;univers de d\u00e9couverte de la chocolaterie Camille Bloch \u00e0 Courtelary, non loin de l\u00e0, ou explorez le plus grand parc \u00e9olien de Suisse lors d&rsquo;une visite guid\u00e9e sur le Mont Soleil.<\/p>\n<p>Il y a bien d&rsquo;autres choses \u00e0 d\u00e9couvrir dans les fascinants p\u00e2turages d&rsquo;altitude du Jura. Laissez-vous envo\u00fbter par le charme de cette r\u00e9gion.<\/p>\n<\/div><\/div><\/div><\/div><\/div><\/div><\/section>\n","protected":false},"excerpt":{"rendered":"EnvironnementEnvirons Villeret se trouve sur la ligne de chemin de fer Bienne &#8211; La Chaux-de-Fonds. Vous atteignez facilement notre maison d&rsquo;h\u00f4tes en transports publics ou en voiture. Notre maison d&rsquo;h\u00f4tes jouxte la r\u00e9serve naturelle de la Combe-Gr\u00e8de. A 5 minutes \u00e0 pied de notre maison d&rsquo;h\u00f4tes, vous trouverez la gare, une \u00e9picerie, un magasin de...","protected":false},"author":1,"featured_media":210,"parent":0,"menu_order":0,"comment_status":"closed","ping_status":"closed","template":"","meta":{"footnotes":""},"class_list":["post-253","page","type-page","status-publish","has-post-thumbnail","hentry"],"_links":{"self":[{"href":"https:\/\/lemoment.ch\/fr\/wp-json\/wp\/v2\/pages\/253","targetHints":{"allow":["GET"]}}],"collection":[{"href":"https:\/\/lemoment.ch\/fr\/wp-json\/wp\/v2\/pages"}],"about":[{"href":"https:\/\/lemoment.ch\/fr\/wp-json\/wp\/v2\/types\/page"}],"author":[{"embeddable":true,"href":"https:\/\/lemoment.ch\/fr\/wp-json\/wp\/v2\/users\/1"}],"replies":[{"embeddable":true,"href":"https:\/\/lemoment.ch\/fr\/wp-json\/wp\/v2\/comments?post=253"}],"version-history":[{"count":4,"href":"https:\/\/lemoment.ch\/fr\/wp-json\/wp\/v2\/pages\/253\/revisions"}],"predecessor-version":[{"id":714,"href":"https:\/\/lemoment.ch\/fr\/wp-json\/wp\/v2\/pages\/253\/revisions\/714"}],"wp:featuredmedia":[{"embeddable":true,"href":"https:\/\/lemoment.ch\/fr\/wp-json\/wp\/v2\/media\/210"}],"wp:attachment":[{"href":"https:\/\/lemoment.ch\/fr\/wp-json\/wp\/v2\/media?parent=253"}],"curies":[{"name":"wp","href":"https:\/\/api.w.org\/{rel}","templated":true}]}}