{"id":248,"date":"2022-05-09T08:37:38","date_gmt":"2022-05-09T06:37:38","guid":{"rendered":"https:\/\/lemoment.ch\/maison\/"},"modified":"2024-01-11T08:36:27","modified_gmt":"2024-01-11T07:36:27","slug":"maison","status":"publish","type":"page","link":"https:\/\/lemoment.ch\/fr\/maison\/","title":{"rendered":"Maison"},"content":{"rendered":"<section class=\"l-section wpb_row height_auto width_full\"><div class=\"l-section-h i-cf\"><div class=\"g-cols vc_row via_grid cols_5-1 laptops-cols_inherit tablets-cols_inherit mobiles-cols_1 valign_middle type_default stacking_default\" style=\"--columns-gap:0px;\"><div class=\"wpb_column vc_column_container\"><div class=\"vc_column-inner\"><div class=\"w-slider us_custom_7b433250 style_none fit_cover nav_none count_9\"><div class=\"w-slider-h\" aria-hidden=\"true\"><div class=\"royalSlider\"><div class=\"rsContent\"><a class=\"rsImg\" data-rsw=\"1920\" data-rsh=\"1280\" href=\"https:\/\/lemoment.ch\/wp-content\/uploads\/2022\/11\/lemoment-haus-6.jpg\"><span data-alt=\"\"><\/span><\/a><\/div><div class=\"rsContent\"><a class=\"rsImg\" data-rsw=\"1280\" data-rsh=\"1920\" href=\"https:\/\/lemoment.ch\/wp-content\/uploads\/2022\/11\/lemoment-haus-3.jpg\"><span data-alt=\"\"><\/span><\/a><\/div><div class=\"rsContent\"><a class=\"rsImg\" data-rsw=\"1920\" data-rsh=\"1280\" href=\"https:\/\/lemoment.ch\/wp-content\/uploads\/2022\/11\/lemoment-haus-5.jpg\"><span data-alt=\"\"><\/span><\/a><\/div><div class=\"rsContent\"><a class=\"rsImg\" data-rsw=\"1920\" data-rsh=\"1280\" href=\"https:\/\/lemoment.ch\/wp-content\/uploads\/2022\/11\/lemoment-haus-2.jpg\"><span data-alt=\"\"><\/span><\/a><\/div><div class=\"rsContent\"><a class=\"rsImg\" data-rsw=\"1280\" data-rsh=\"1920\" href=\"https:\/\/lemoment.ch\/wp-content\/uploads\/2022\/11\/lemoment-haus-9.jpg\"><span data-alt=\"\"><\/span><\/a><\/div><div class=\"rsContent\"><a class=\"rsImg\" data-rsw=\"1280\" data-rsh=\"1920\" href=\"https:\/\/lemoment.ch\/wp-content\/uploads\/2022\/11\/lemoment-haus-8.jpg\"><span data-alt=\"\"><\/span><\/a><\/div><div class=\"rsContent\"><a class=\"rsImg\" data-rsw=\"1920\" data-rsh=\"1280\" href=\"https:\/\/lemoment.ch\/wp-content\/uploads\/2022\/11\/lemoment-haus-1.jpg\"><span data-alt=\"\"><\/span><\/a><\/div><div class=\"rsContent\"><a class=\"rsImg\" data-rsw=\"1280\" data-rsh=\"1920\" href=\"https:\/\/lemoment.ch\/wp-content\/uploads\/2022\/11\/lemoment-haus-7.jpg\"><span data-alt=\"\"><\/span><\/a><\/div><div class=\"rsContent\"><a class=\"rsImg\" data-rsw=\"1920\" data-rsh=\"1280\" href=\"https:\/\/lemoment.ch\/wp-content\/uploads\/2022\/11\/lemoment-haus-4.jpg\"><span data-alt=\"\"><\/span><\/a><\/div><\/div><img decoding=\"async\" src=\"https:\/\/lemoment.ch\/wp-content\/uploads\/2022\/11\/lemoment-haus-6.jpg\" width=\"1920\" height=\"1280\" alt loading=\"lazy\"><\/div><div class=\"w-slider-json\" onclick='return {&quot;autoScaleSlider&quot;:true,&quot;addActiveClass&quot;:true,&quot;loop&quot;:true,&quot;fadeInLoadedSlide&quot;:false,&quot;slidesSpacing&quot;:0,&quot;imageScalePadding&quot;:0,&quot;numImagesToPreload&quot;:2,&quot;arrowsNav&quot;:true,&quot;arrowsNavAutoHide&quot;:false,&quot;transitionType&quot;:&quot;fade&quot;,&quot;transitionSpeed&quot;:250,&quot;block&quot;:{&quot;moveEffect&quot;:&quot;none&quot;,&quot;speed&quot;:300},&quot;thumbs&quot;:{&quot;fitInViewport&quot;:false,&quot;firstMargin&quot;:false,&quot;spacing&quot;:4},&quot;controlNavigation&quot;:&quot;none&quot;,&quot;autoplay&quot;:{&quot;enabled&quot;:true,&quot;pauseOnHover&quot;:false,&quot;delay&quot;:5000},&quot;autoScaleSliderWidth&quot;:1920,&quot;autoScaleSliderHeight&quot;:1280}'><\/div><\/div><\/div><\/div><div class=\"wpb_column vc_column_container us_custom_308d0844 has_bg_color\"><div class=\"vc_column-inner\"><h1 class=\"w-post-elm post_title us_custom_eb849559 vertical entry-title color_link_inherit\">Maison<\/h1><\/div><\/div><\/div><\/div><\/section><section class=\"l-section wpb_row height_medium\"><div class=\"l-section-h i-cf\"><div class=\"g-cols vc_row via_grid cols_1 laptops-cols_inherit tablets-cols_inherit mobiles-cols_1 valign_top type_default stacking_default\"><div class=\"wpb_column vc_column_container\"><div class=\"vc_column-inner\"><div class=\"wpb_text_column us_custom_e28183d5\"><div class=\"wpb_wrapper\"><h2>Maison<\/h2>\n<\/div><\/div><div class=\"wpb_text_column\"><div class=\"wpb_wrapper\"><p>Nos 5 chambres d&rsquo;h\u00f4tes simples sont \u00e9quip\u00e9es de lits confortables pour un sommeil r\u00e9parateur.<\/p>\n<p>Toutes les chambres disposent d&rsquo;une salle de bain priv\u00e9e.<\/p>\n<p>Le Wifi gratuit est \u00e0 la disposition de tous les h\u00f4tes.<\/p>\n<p>Un salon pour les invit\u00e9s avec un grand mur de livres et un po\u00eale su\u00e9dois ainsi que le magnifique et g\u00e9n\u00e9reux jardin invitent \u00e0 la d\u00e9tente.<\/p>\n<p>Une offre \u00e9conomique de caf\u00e9, de th\u00e9, de boissons fra\u00eeches et de petits snacks en libre-service est propos\u00e9e aux clients.<\/p>\n<p>Il dispose d&rsquo;un nombre limit\u00e9 de places de parking juste devant la maison.<\/p>\n<p>Un d\u00e9licieux petit d\u00e9jeuner \u00e0 base de produits locaux cl\u00f4turera votre visite au Moment et vous pr\u00e9parera \u00e0 une nouvelle journ\u00e9e riche en d\u00e9couvertes dans le Jura bernois.<\/p>\n<\/div><\/div><\/div><\/div><\/div><\/div><\/section>\n","protected":false},"excerpt":{"rendered":"MaisonMaison Nos 5 chambres d&rsquo;h\u00f4tes simples sont \u00e9quip\u00e9es de lits confortables pour un sommeil r\u00e9parateur. Toutes les chambres disposent d&rsquo;une salle de bain priv\u00e9e. Le Wifi gratuit est \u00e0 la disposition de tous les h\u00f4tes. Un salon pour les invit\u00e9s avec un grand mur de livres et un po\u00eale su\u00e9dois ainsi que le magnifique et...","protected":false},"author":1,"featured_media":204,"parent":0,"menu_order":0,"comment_status":"closed","ping_status":"closed","template":"","meta":{"footnotes":""},"class_list":["post-248","page","type-page","status-publish","has-post-thumbnail","hentry"],"_links":{"self":[{"href":"https:\/\/lemoment.ch\/fr\/wp-json\/wp\/v2\/pages\/248","targetHints":{"allow":["GET"]}}],"collection":[{"href":"https:\/\/lemoment.ch\/fr\/wp-json\/wp\/v2\/pages"}],"about":[{"href":"https:\/\/lemoment.ch\/fr\/wp-json\/wp\/v2\/types\/page"}],"author":[{"embeddable":true,"href":"https:\/\/lemoment.ch\/fr\/wp-json\/wp\/v2\/users\/1"}],"replies":[{"embeddable":true,"href":"https:\/\/lemoment.ch\/fr\/wp-json\/wp\/v2\/comments?post=248"}],"version-history":[{"count":5,"href":"https:\/\/lemoment.ch\/fr\/wp-json\/wp\/v2\/pages\/248\/revisions"}],"predecessor-version":[{"id":818,"href":"https:\/\/lemoment.ch\/fr\/wp-json\/wp\/v2\/pages\/248\/revisions\/818"}],"wp:featuredmedia":[{"embeddable":true,"href":"https:\/\/lemoment.ch\/fr\/wp-json\/wp\/v2\/media\/204"}],"wp:attachment":[{"href":"https:\/\/lemoment.ch\/fr\/wp-json\/wp\/v2\/media?parent=248"}],"curies":[{"name":"wp","href":"https:\/\/api.w.org\/{rel}","templated":true}]}}