{"id":241,"date":"2022-05-09T08:37:21","date_gmt":"2022-05-09T06:37:21","guid":{"rendered":"https:\/\/lemoment.ch\/?page_id=241"},"modified":"2025-01-29T08:03:25","modified_gmt":"2025-01-29T07:03:25","slug":"home","status":"publish","type":"page","link":"https:\/\/lemoment.ch\/fr\/","title":{"rendered":"Home"},"content":{"rendered":"<section class=\"l-section wpb_row break-1000 height_auto width_full\"><div class=\"l-section-h i-cf\"><div class=\"g-cols vc_row via_grid cols_5-1 laptops-cols_inherit tablets-cols_inherit mobiles-cols_1 valign_middle type_default reversed stacking_default\" style=\"--columns-gap:0px;\"><div class=\"wpb_column vc_column_container\"><div class=\"vc_column-inner\"><div class=\"w-slider us_custom_7b433250 style_none fit_cover nav_none count_9\"><div class=\"w-slider-h\" aria-hidden=\"true\"><div class=\"royalSlider\"><div class=\"rsContent\"><a class=\"rsImg\" data-rsw=\"1920\" data-rsh=\"1281\" href=\"https:\/\/lemoment.ch\/wp-content\/uploads\/2022\/05\/lemoment-zimmer-2-1.jpg\"><span data-alt=\"\"><\/span><\/a><\/div><div class=\"rsContent\"><a class=\"rsImg\" data-rsw=\"1920\" data-rsh=\"1280\" href=\"https:\/\/lemoment.ch\/wp-content\/uploads\/2022\/12\/5D3_7469.jpg\"><span data-alt=\"\"><\/span><\/a><\/div><div class=\"rsContent\"><a class=\"rsImg\" data-rsw=\"1707\" data-rsh=\"2560\" href=\"https:\/\/lemoment.ch\/wp-content\/uploads\/2022\/12\/5D3_7464-scaled.jpg\"><span data-alt=\"\"><\/span><\/a><\/div><div class=\"rsContent\"><a class=\"rsImg\" data-rsw=\"1920\" data-rsh=\"1280\" href=\"https:\/\/lemoment.ch\/wp-content\/uploads\/2022\/12\/5D3_7561.jpg\"><span data-alt=\"\"><\/span><\/a><\/div><div class=\"rsContent\"><a class=\"rsImg\" data-rsw=\"1920\" data-rsh=\"1280\" href=\"https:\/\/lemoment.ch\/wp-content\/uploads\/2022\/05\/lemoment-zimmer-5-1.jpg\"><span data-alt=\"\"><\/span><\/a><\/div><div class=\"rsContent\"><a class=\"rsImg\" data-rsw=\"1920\" data-rsh=\"1280\" href=\"https:\/\/lemoment.ch\/wp-content\/uploads\/2022\/12\/5D3_7433.jpg\"><span data-alt=\"\"><\/span><\/a><\/div><div class=\"rsContent\"><a class=\"rsImg\" data-rsw=\"1920\" data-rsh=\"1280\" href=\"https:\/\/lemoment.ch\/wp-content\/uploads\/2022\/11\/lemoment-haus-2.jpg\"><span data-alt=\"\"><\/span><\/a><\/div><div class=\"rsContent\"><a class=\"rsImg\" data-rsw=\"1920\" data-rsh=\"1280\" href=\"https:\/\/lemoment.ch\/wp-content\/uploads\/2022\/05\/lemoment-zimmer-1-1.jpg\"><span data-alt=\"\"><\/span><\/a><\/div><div class=\"rsContent\"><a class=\"rsImg\" data-rsw=\"1920\" data-rsh=\"1280\" href=\"https:\/\/lemoment.ch\/wp-content\/uploads\/2022\/11\/lemoment-haus-1.jpg\"><span data-alt=\"\"><\/span><\/a><\/div><\/div><img decoding=\"async\" src=\"https:\/\/lemoment.ch\/wp-content\/uploads\/2022\/05\/lemoment-zimmer-2-1.jpg\" width=\"1920\" height=\"1281\" alt loading=\"lazy\"><\/div><div class=\"w-slider-json\" onclick='return {&quot;autoScaleSlider&quot;:true,&quot;addActiveClass&quot;:true,&quot;loop&quot;:true,&quot;fadeInLoadedSlide&quot;:false,&quot;slidesSpacing&quot;:0,&quot;imageScalePadding&quot;:0,&quot;numImagesToPreload&quot;:2,&quot;arrowsNav&quot;:true,&quot;arrowsNavAutoHide&quot;:false,&quot;transitionType&quot;:&quot;fade&quot;,&quot;transitionSpeed&quot;:250,&quot;block&quot;:{&quot;moveEffect&quot;:&quot;none&quot;,&quot;speed&quot;:300},&quot;thumbs&quot;:{&quot;fitInViewport&quot;:false,&quot;firstMargin&quot;:false,&quot;spacing&quot;:4},&quot;controlNavigation&quot;:&quot;none&quot;,&quot;autoplay&quot;:{&quot;enabled&quot;:true,&quot;pauseOnHover&quot;:false,&quot;delay&quot;:5000},&quot;autoScaleSliderWidth&quot;:1920,&quot;autoScaleSliderHeight&quot;:1281}'><\/div><\/div><\/div><\/div><div class=\"wpb_column vc_column_container us_custom_4411f139 has_text_color has_bg_color\"><div class=\"vc_column-inner\"><div class=\"wpb_text_column us_custom_5a88d47e verticalhome\"><div class=\"wpb_wrapper\"><h1>Se d\u00e9tendre au paradis<\/h1>\n<\/div><\/div><\/div><\/div><\/div><\/div><\/section><section class=\"l-section wpb_row us_custom_a2ebf4ae break-1600 height_auto width_full\"><div class=\"l-section-h i-cf\"><div class=\"g-cols vc_row via_grid cols_1-4-1 laptops-cols_inherit tablets-cols_inherit mobiles-cols_1 valign_top type_boxes stacking_default\"><div class=\"wpb_column vc_column_container us_custom_308d0844 has_bg_color\"><div class=\"vc_column-inner\"><div class=\"wpb_text_column\"><div class=\"wpb_wrapper\"><h2>Ce qui nous rend uniques<\/h2>\n<\/div><\/div><\/div><\/div><div class=\"wpb_column vc_column_container\"><div class=\"vc_column-inner\"><div class=\"wpb_text_column us_custom_0f088a09 has_text_color\"><div class=\"wpb_wrapper\"><h2>Laisser le quotidien derri\u00e8re soi dans le paysage pittoresque du Vallon de St-Imier.<\/h2>\n<p>Bienvenue dans notre maison d&rsquo;h\u00f4tes <em>Le Moment<\/em>, nous sommes heureux de vous accueillir \u00e0 Villeret.<\/p>\n<p>Apr\u00e8s une journ\u00e9e passionnante, d\u00e9couvrez la magie du magnifique paysage jurassien dans notre petite maison d&rsquo;h\u00f4tes situ\u00e9e dans une ancienne ferme du 18e si\u00e8cle.<\/p>\n<p>Notre h\u00e9bergement est situ\u00e9 dans un magnifique cadre naturel et verdoyant au pied de la Combe-Gr\u00e8de.<\/p>\n<p>L&#8217;emplacement est id\u00e9al pour d\u00e9couvrir la r\u00e9gion du Jura bernois et convient particuli\u00e8rement aux amoureux de la nature et \u00e0 ceux qui recherchent le calme.<\/p>\n<p>Actualit\u00e9 :<\/p>\n<p>Notre nouveau sauna sera ouvert \u00e0 partir du 1er janvier 2025.<\/p>\n<\/div><\/div><div class=\"w-separator size_medium\"><\/div><div class=\"w-btn-wrapper align_none\"><a class=\"w-btn us-btn-style_1 icon_atleft\" title=\"Zimmer\" href=\"https:\/\/lemoment.ch\/fr\/maison\/\"><i class=\"fas fa-arrow-circle-down\"><\/i><span class=\"w-btn-label\">En savoir plus<\/span><\/a><\/div><\/div><\/div><div class=\"wpb_column vc_column_container us_custom_57f5615c\"><div class=\"vc_column-inner\"><\/div><\/div><\/div><\/div><\/section><section class=\"l-section wpb_row us_custom_c70c97eb height_medium\"><div class=\"l-section-h i-cf\"><div class=\"g-cols vc_row via_grid cols_1 laptops-cols_inherit tablets-cols_inherit mobiles-cols_1 valign_top type_default stacking_default\"><div class=\"wpb_column vc_column_container\"><div class=\"vc_column-inner\"><div class=\"wpb_text_column us_custom_ef929af2 has_text_color\"><div class=\"wpb_wrapper\"><h2>Nos chambres<\/h2>\n<\/div><\/div><div class=\"w-separator size_medium\"><\/div><div class=\"w-grid us_carousel us_custom_9d19bcf6 type_carousel layout_165 preload_style_spinner\" id=\"us_grid_1\"><style>.layout_165 .w-grid-item-h{}@media(max-width:1099px){.layout_165 .usg_hwrapper_1{display:none!important}}.layout_165 .usg_vwrapper_1{transition-duration:0.3s;transform-origin:50% 50%;transform:scale(1) translate(0%,0%)}.layout_165 .w-grid-item-h:focus-within .usg_vwrapper_1,.layout_165 .w-grid-item-h:hover .usg_vwrapper_1{transform:scale(1) translate(100%,0%);opacity:1}@media(min-width:1101px){.layout_165 .usg_vwrapper_2{display:none!important}}.layout_165 .usg_post_image_1{width:100%!important}.layout_165 .usg_vwrapper_1{width:25%!important;position:absolute!important;left:75%!important;top:0!important;bottom:0!important;right:0!important;padding:1rem!important;background:var(--color-alt-content-bg)!important}.layout_165 .usg_post_content_1{color:var(--color-content-heading)!important}.layout_165 .usg_btn_1{position:absolute!important;right:-89px!important}.layout_165 .usg_vwrapper_2{background:var(--color-alt-content-bg)!important}.layout_165 .usg_post_image_2{margin-bottom:1.5rem!important}.layout_165 .usg_post_title_2{margin-left:1.5rem!important;margin-right:1.5rem!important}.layout_165 .usg_btn_2{margin-left:1.5rem!important;margin-bottom:1.5rem!important;margin-right:1.5rem!important}.layout_165 .usg_post_content_2{color:var(--color-alt-content-text)!important;margin-left:1.5rem!important;margin-bottom:1.5rem!important;margin-right:1.5rem!important}<\/style><div class=\"w-grid-list owl-carousel valign_stretch dotstyle_circle navstyle_circle arrows-ver-pos_middle arrows-hor-pos_on_sides_outside arrows-disabled_hide owl-responsive-2000 with_arrows\" style=\"--transition-duration:350ms;--arrows-size:1.5rem;--arrows-hor-offset:calc(0px + 0px);--arrows-gap:10px;\">\t<article class=\"w-grid-item post-692 hb_accommodation type-hb_accommodation status-publish has-post-thumbnail hentry\" data-id=\"692\">\r\n\t\t<div class=\"w-grid-item-h\">\r\n\t\t\t\t\t\t<div class=\"w-hwrapper usg_hwrapper_1 align_none valign_middle\" style=\"--hwrapper-gap:1.20rem\"><div class=\"w-post-elm post_image usg_post_image_1 has_width has_ratio\"><img loading=\"lazy\" decoding=\"async\" width=\"1920\" height=\"1280\" src=\"https:\/\/lemoment.ch\/wp-content\/uploads\/2022\/05\/lemoment-zimmer-1-1.jpg\" class=\"attachment-full size-full wp-post-image\" alt=\"\" \/><div style=\"padding-bottom:75%\"><\/div><\/div><div class=\"w-vwrapper usg_vwrapper_1 align_center valign_middle\"><h2 class=\"w-post-elm post_title usg_post_title_1 entry-title color_link_inherit\">Chambre 1<\/h2><div class=\"w-post-elm post_content usg_post_content_1 has_text_color\">Chambre double confortable, c\u00f4t\u00e9 nord, avec vue sur la Montagne du Droit. Lit de\u2026<\/div><\/div><a class=\"w-btn us-btn-style_1 usg_btn_1 booking-button\" href=\"#\"><span class=\"w-btn-label\">Voir cette chambre<\/span><\/a><\/div><div class=\"w-vwrapper usg_vwrapper_2 align_center valign_top\"><div class=\"w-post-elm post_image usg_post_image_2 has_ratio\"><a href=\"https:\/\/lemoment.ch\/fr\/unterkunft\/chambre-1\/\" aria-label=\"Chambre 1\"><img loading=\"lazy\" decoding=\"async\" width=\"1920\" height=\"1280\" src=\"https:\/\/lemoment.ch\/wp-content\/uploads\/2022\/05\/lemoment-zimmer-1-1.jpg\" class=\"attachment-full size-full wp-post-image\" alt=\"\" \/><\/a><div style=\"padding-bottom:56.25%\"><\/div><\/div><h2 class=\"w-post-elm post_title usg_post_title_2 entry-title color_link_inherit\">Chambre 1<\/h2><div class=\"w-post-elm post_content usg_post_content_2 has_text_color\">Chambre double confortable, c\u00f4t\u00e9 nord, avec vue sur la Montagne du Droit. Lit de\u2026<\/div><a class=\"w-btn us-btn-style_2 usg_btn_2\" href=\"https:\/\/lemoment.ch\/fr\/unterkunft\/chambre-1\/\"><span class=\"w-btn-label\">Voir cette chambre<\/span><\/a><\/div>\t\t<\/div>\r\n\t\t\t<\/article>\r\n\t<article class=\"w-grid-item post-694 hb_accommodation type-hb_accommodation status-publish has-post-thumbnail hentry\" data-id=\"694\">\r\n\t\t<div class=\"w-grid-item-h\">\r\n\t\t\t\t\t\t<div class=\"w-hwrapper usg_hwrapper_1 align_none valign_middle\" style=\"--hwrapper-gap:1.20rem\"><div class=\"w-post-elm post_image usg_post_image_1 has_width has_ratio\"><img loading=\"lazy\" decoding=\"async\" width=\"1920\" height=\"1281\" src=\"https:\/\/lemoment.ch\/wp-content\/uploads\/2022\/05\/lemoment-zimmer-2-1.jpg\" class=\"attachment-full size-full wp-post-image\" alt=\"\" \/><div style=\"padding-bottom:75%\"><\/div><\/div><div class=\"w-vwrapper usg_vwrapper_1 align_center valign_middle\"><h2 class=\"w-post-elm post_title usg_post_title_1 entry-title color_link_inherit\">Chambre 2<\/h2><div class=\"w-post-elm post_content usg_post_content_1 has_text_color\">Charmante chambre double avec des \u00e9l\u00e9ments en bois d&rsquo;origine, c\u00f4t\u00e9 sud. Lit de haute\u2026<\/div><\/div><a class=\"w-btn us-btn-style_1 usg_btn_1 booking-button\" href=\"#\"><span class=\"w-btn-label\">Voir cette chambre<\/span><\/a><\/div><div class=\"w-vwrapper usg_vwrapper_2 align_center valign_top\"><div class=\"w-post-elm post_image usg_post_image_2 has_ratio\"><a href=\"https:\/\/lemoment.ch\/fr\/unterkunft\/chambre-2\/\" aria-label=\"Chambre 2\"><img loading=\"lazy\" decoding=\"async\" width=\"1920\" height=\"1281\" src=\"https:\/\/lemoment.ch\/wp-content\/uploads\/2022\/05\/lemoment-zimmer-2-1.jpg\" class=\"attachment-full size-full wp-post-image\" alt=\"\" \/><\/a><div style=\"padding-bottom:56.25%\"><\/div><\/div><h2 class=\"w-post-elm post_title usg_post_title_2 entry-title color_link_inherit\">Chambre 2<\/h2><div class=\"w-post-elm post_content usg_post_content_2 has_text_color\">Charmante chambre double avec des \u00e9l\u00e9ments en bois d&rsquo;origine, c\u00f4t\u00e9 sud. Lit de haute\u2026<\/div><a class=\"w-btn us-btn-style_2 usg_btn_2\" href=\"https:\/\/lemoment.ch\/fr\/unterkunft\/chambre-2\/\"><span class=\"w-btn-label\">Voir cette chambre<\/span><\/a><\/div>\t\t<\/div>\r\n\t\t\t<\/article>\r\n\t<article class=\"w-grid-item post-696 hb_accommodation type-hb_accommodation status-publish has-post-thumbnail hentry\" data-id=\"696\">\r\n\t\t<div class=\"w-grid-item-h\">\r\n\t\t\t\t\t\t<div class=\"w-hwrapper usg_hwrapper_1 align_none valign_middle\" style=\"--hwrapper-gap:1.20rem\"><div class=\"w-post-elm post_image usg_post_image_1 has_width has_ratio\"><img loading=\"lazy\" decoding=\"async\" width=\"1920\" height=\"1440\" src=\"https:\/\/lemoment.ch\/wp-content\/uploads\/2022\/05\/lemoment-zimmer-3-2-neu.jpg\" class=\"attachment-full size-full wp-post-image\" alt=\"\" \/><div style=\"padding-bottom:75%\"><\/div><\/div><div class=\"w-vwrapper usg_vwrapper_1 align_center valign_middle\"><h2 class=\"w-post-elm post_title usg_post_title_1 entry-title color_link_inherit\">Chambre 3<\/h2><div class=\"w-post-elm post_content usg_post_content_1 has_text_color\">Chambre double confortable c\u00f4t\u00e9 sud avec vue sur la Combe-Gr\u00e8de. Lit de haute qualit\u00e9\u2026<\/div><\/div><a class=\"w-btn us-btn-style_1 usg_btn_1 booking-button\" href=\"#\"><span class=\"w-btn-label\">Voir cette chambre<\/span><\/a><\/div><div class=\"w-vwrapper usg_vwrapper_2 align_center valign_top\"><div class=\"w-post-elm post_image usg_post_image_2 has_ratio\"><a href=\"https:\/\/lemoment.ch\/fr\/unterkunft\/chambre-3\/\" aria-label=\"Chambre 3\"><img loading=\"lazy\" decoding=\"async\" width=\"1920\" height=\"1440\" src=\"https:\/\/lemoment.ch\/wp-content\/uploads\/2022\/05\/lemoment-zimmer-3-2-neu.jpg\" class=\"attachment-full size-full wp-post-image\" alt=\"\" \/><\/a><div style=\"padding-bottom:56.25%\"><\/div><\/div><h2 class=\"w-post-elm post_title usg_post_title_2 entry-title color_link_inherit\">Chambre 3<\/h2><div class=\"w-post-elm post_content usg_post_content_2 has_text_color\">Chambre double confortable c\u00f4t\u00e9 sud avec vue sur la Combe-Gr\u00e8de. Lit de haute qualit\u00e9\u2026<\/div><a class=\"w-btn us-btn-style_2 usg_btn_2\" href=\"https:\/\/lemoment.ch\/fr\/unterkunft\/chambre-3\/\"><span class=\"w-btn-label\">Voir cette chambre<\/span><\/a><\/div>\t\t<\/div>\r\n\t\t\t<\/article>\r\n\t<article class=\"w-grid-item post-698 hb_accommodation type-hb_accommodation status-publish has-post-thumbnail hentry\" data-id=\"698\">\r\n\t\t<div class=\"w-grid-item-h\">\r\n\t\t\t\t\t\t<div class=\"w-hwrapper usg_hwrapper_1 align_none valign_middle\" style=\"--hwrapper-gap:1.20rem\"><div class=\"w-post-elm post_image usg_post_image_1 has_width has_ratio\"><img loading=\"lazy\" decoding=\"async\" width=\"1920\" height=\"1280\" src=\"https:\/\/lemoment.ch\/wp-content\/uploads\/2022\/05\/lemoment-zimmer-4-1.jpg\" class=\"attachment-full size-full wp-post-image\" alt=\"\" \/><div style=\"padding-bottom:75%\"><\/div><\/div><div class=\"w-vwrapper usg_vwrapper_1 align_center valign_middle\"><h2 class=\"w-post-elm post_title usg_post_title_1 entry-title color_link_inherit\">Chambre 4<\/h2><div class=\"w-post-elm post_content usg_post_content_1 has_text_color\">Chambre individuelle confortable c\u00f4t\u00e9 sud avec vue sur la Combe-Gr\u00e8de. Lit de haute qualit\u00e9\u2026<\/div><\/div><a class=\"w-btn us-btn-style_1 usg_btn_1 booking-button\" href=\"#\"><span class=\"w-btn-label\">Voir cette chambre<\/span><\/a><\/div><div class=\"w-vwrapper usg_vwrapper_2 align_center valign_top\"><div class=\"w-post-elm post_image usg_post_image_2 has_ratio\"><a href=\"https:\/\/lemoment.ch\/fr\/unterkunft\/chambre-4\/\" aria-label=\"Chambre 4\"><img loading=\"lazy\" decoding=\"async\" width=\"1920\" height=\"1280\" src=\"https:\/\/lemoment.ch\/wp-content\/uploads\/2022\/05\/lemoment-zimmer-4-1.jpg\" class=\"attachment-full size-full wp-post-image\" alt=\"\" \/><\/a><div style=\"padding-bottom:56.25%\"><\/div><\/div><h2 class=\"w-post-elm post_title usg_post_title_2 entry-title color_link_inherit\">Chambre 4<\/h2><div class=\"w-post-elm post_content usg_post_content_2 has_text_color\">Chambre individuelle confortable c\u00f4t\u00e9 sud avec vue sur la Combe-Gr\u00e8de. Lit de haute qualit\u00e9\u2026<\/div><a class=\"w-btn us-btn-style_2 usg_btn_2\" href=\"https:\/\/lemoment.ch\/fr\/unterkunft\/chambre-4\/\"><span class=\"w-btn-label\">Voir cette chambre<\/span><\/a><\/div>\t\t<\/div>\r\n\t\t\t<\/article>\r\n\t<article class=\"w-grid-item post-700 hb_accommodation type-hb_accommodation status-publish has-post-thumbnail hentry\" data-id=\"700\">\r\n\t\t<div class=\"w-grid-item-h\">\r\n\t\t\t\t\t\t<div class=\"w-hwrapper usg_hwrapper_1 align_none valign_middle\" style=\"--hwrapper-gap:1.20rem\"><div class=\"w-post-elm post_image usg_post_image_1 has_width has_ratio\"><img loading=\"lazy\" decoding=\"async\" width=\"1920\" height=\"1280\" src=\"https:\/\/lemoment.ch\/wp-content\/uploads\/2022\/05\/lemoment-zimmer-5-1.jpg\" class=\"attachment-full size-full wp-post-image\" alt=\"\" \/><div style=\"padding-bottom:75%\"><\/div><\/div><div class=\"w-vwrapper usg_vwrapper_1 align_center valign_middle\"><h2 class=\"w-post-elm post_title usg_post_title_1 entry-title color_link_inherit\">Chambre 5<\/h2><div class=\"w-post-elm post_content usg_post_content_1 has_text_color\">Charmante chambre double avec lambris d&rsquo;origine au plafond. C\u00f4t\u00e9 sud-ouest. Lit de haute qualit\u00e9\u2026<\/div><\/div><a class=\"w-btn us-btn-style_1 usg_btn_1 booking-button\" href=\"#\"><span class=\"w-btn-label\">Voir cette chambre<\/span><\/a><\/div><div class=\"w-vwrapper usg_vwrapper_2 align_center valign_top\"><div class=\"w-post-elm post_image usg_post_image_2 has_ratio\"><a href=\"https:\/\/lemoment.ch\/fr\/unterkunft\/chambre-5\/\" aria-label=\"Chambre 5\"><img loading=\"lazy\" decoding=\"async\" width=\"1920\" height=\"1280\" src=\"https:\/\/lemoment.ch\/wp-content\/uploads\/2022\/05\/lemoment-zimmer-5-1.jpg\" class=\"attachment-full size-full wp-post-image\" alt=\"\" \/><\/a><div style=\"padding-bottom:56.25%\"><\/div><\/div><h2 class=\"w-post-elm post_title usg_post_title_2 entry-title color_link_inherit\">Chambre 5<\/h2><div class=\"w-post-elm post_content usg_post_content_2 has_text_color\">Charmante chambre double avec lambris d&rsquo;origine au plafond. C\u00f4t\u00e9 sud-ouest. Lit de haute qualit\u00e9\u2026<\/div><a class=\"w-btn us-btn-style_2 usg_btn_2\" href=\"https:\/\/lemoment.ch\/fr\/unterkunft\/chambre-5\/\"><span class=\"w-btn-label\">Voir cette chambre<\/span><\/a><\/div>\t\t<\/div>\r\n\t\t\t<\/article>\r\n<\/div><div class=\"w-grid-carousel-json hidden\" onclick='return {&quot;carousel_settings&quot;:{&quot;aria_labels&quot;:{&quot;prev&quot;:&quot;Pr\\u00e9c\\u00e9dent&quot;,&quot;next&quot;:&quot;Suivant&quot;},&quot;autoplayContinual&quot;:false,&quot;autoplayHoverPause&quot;:false,&quot;autoplayTimeout&quot;:5000,&quot;autoWidth&quot;:false,&quot;smartSpeed&quot;:350,&quot;margin&quot;:0,&quot;mouseDrag&quot;:true,&quot;rtl&quot;:false,&quot;slideBy&quot;:&quot;1&quot;,&quot;touchDrag&quot;:true,&quot;slideTransition&quot;:&quot;&quot;,&quot;responsive&quot;:{&quot;0&quot;:{&quot;autoHeight&quot;:false,&quot;autoplay&quot;:true,&quot;autoWidth&quot;:false,&quot;center&quot;:false,&quot;dots&quot;:false,&quot;items&quot;:1,&quot;loop&quot;:true,&quot;nav&quot;:false,&quot;stagePadding&quot;:0,&quot;slideBy&quot;:&quot;1&quot;},&quot;769&quot;:{&quot;autoHeight&quot;:false,&quot;autoplay&quot;:true,&quot;autoWidth&quot;:false,&quot;center&quot;:false,&quot;dots&quot;:false,&quot;items&quot;:1,&quot;loop&quot;:true,&quot;nav&quot;:true,&quot;stagePadding&quot;:0,&quot;slideBy&quot;:&quot;1&quot;},&quot;1025&quot;:{&quot;autoHeight&quot;:false,&quot;autoplay&quot;:true,&quot;autoWidth&quot;:false,&quot;center&quot;:false,&quot;dots&quot;:false,&quot;items&quot;:1,&quot;loop&quot;:true,&quot;nav&quot;:true,&quot;stagePadding&quot;:0,&quot;slideBy&quot;:&quot;1&quot;},&quot;1281&quot;:{&quot;items&quot;:1,&quot;autoplay&quot;:true,&quot;center&quot;:false,&quot;dots&quot;:false,&quot;nav&quot;:true,&quot;autoHeight&quot;:false,&quot;autoWidth&quot;:false,&quot;loop&quot;:true,&quot;stagePadding&quot;:0}}}}'><\/div><\/div><\/div><\/div><\/div><\/div><\/section>\n","protected":false},"excerpt":{"rendered":"Chambre 5Charmante chambre double avec lambris d&rsquo;origine au plafond. C\u00f4t\u00e9 sud-ouest. Lit de haute qualit\u00e9 \u00e9cologique, 180x200cm. Taille de la chambre env. 14m2 Salle de bain s\u00e9par\u00e9e avec baignoire, douche et WC \u00e0 partir de CHF 140, petit d\u00e9jeuner compris (pour une r\u00e9servation d&rsquo;une seule nuit, nous percevons un suppl\u00e9ment de CHF 10.-) Arriv\u00e9e \u00e0...","protected":false},"author":1,"featured_media":0,"parent":0,"menu_order":0,"comment_status":"closed","ping_status":"closed","template":"","meta":{"footnotes":""},"class_list":["post-241","page","type-page","status-publish","hentry"],"_links":{"self":[{"href":"https:\/\/lemoment.ch\/fr\/wp-json\/wp\/v2\/pages\/241","targetHints":{"allow":["GET"]}}],"collection":[{"href":"https:\/\/lemoment.ch\/fr\/wp-json\/wp\/v2\/pages"}],"about":[{"href":"https:\/\/lemoment.ch\/fr\/wp-json\/wp\/v2\/types\/page"}],"author":[{"embeddable":true,"href":"https:\/\/lemoment.ch\/fr\/wp-json\/wp\/v2\/users\/1"}],"replies":[{"embeddable":true,"href":"https:\/\/lemoment.ch\/fr\/wp-json\/wp\/v2\/comments?post=241"}],"version-history":[{"count":115,"href":"https:\/\/lemoment.ch\/fr\/wp-json\/wp\/v2\/pages\/241\/revisions"}],"predecessor-version":[{"id":873,"href":"https:\/\/lemoment.ch\/fr\/wp-json\/wp\/v2\/pages\/241\/revisions\/873"}],"wp:attachment":[{"href":"https:\/\/lemoment.ch\/fr\/wp-json\/wp\/v2\/media?parent=241"}],"curies":[{"name":"wp","href":"https:\/\/api.w.org\/{rel}","templated":true}]}}